{"id":6252,"date":"2024-06-01T08:53:26","date_gmt":"2024-06-01T06:53:26","guid":{"rendered":"https:\/\/www.lartesana.org\/videos\/"},"modified":"2024-10-21T20:45:19","modified_gmt":"2024-10-21T18:45:19","slug":"videos","status":"publish","type":"page","link":"https:\/\/www.lartesana.org\/es\/videos\/","title":{"rendered":"V\u00eddeos"},"content":{"rendered":"\n<p class=\"has-text-align-center\"> En esta secci\u00f3n podr\u00e1s ver algunos v\u00eddeos de actuaciones de las diferentes agrupaciones musicales de la S.M. l&#8217;Artesana<\/p>\n\n\n\n<p class=\"has-text-align-center\">Para ver el v\u00eddeo haz clik sobre el ti\u00edtulo de la obra.<\/p>\n\n\n\n<figure class=\"wp-block-image aligncenter size-full is-resized\"><img loading=\"lazy\" decoding=\"async\" width=\"1069\" height=\"1061\" src=\"https:\/\/www.lartesana.org\/wp-content\/uploads\/2024\/06\/portada-videos-2.jpg\" alt=\"\" class=\"wp-image-6331\" style=\"width:262px;height:auto\" srcset=\"https:\/\/www.lartesana.org\/wp-content\/uploads\/2024\/06\/portada-videos-2.jpg 1069w, https:\/\/www.lartesana.org\/wp-content\/uploads\/2024\/06\/portada-videos-2-980x973.jpg 980w, https:\/\/www.lartesana.org\/wp-content\/uploads\/2024\/06\/portada-videos-2-480x476.jpg 480w\" sizes=\"(min-width: 0px) and (max-width: 480px) 480px, (min-width: 481px) and (max-width: 980px) 980px, (min-width: 981px) 1069px, 100vw\" \/><\/figure>\n\n\n\n<p class=\"has-text-align-center has-medium-font-size\"><em><strong>1988<\/strong><\/em><\/p>\n\n\n\n<p><a href=\"https:\/\/www.youtube.com\/watch?v=0GOmC-Q4z24\">ESPIRITU VALENCIANO<\/a>, de Salvador Chuli\u00e1 en el programa de RTVE, Nueva Gente (1988).<\/p>\n\n\n\n<p class=\"has-text-align-center has-medium-font-size\"><strong><em>1989<\/em><\/strong><\/p>\n\n\n\n<p><a href=\"https:\/\/www.youtube.com\/watch?v=8xcwAtB7TIs&amp;list=PLd_qJQmxtDTKtwrtJ1dH2_6kGv5Ub-7dX&amp;index=8\">JERICHO,<\/a> de Morton Gould, Banda Jove, bajo la direcci\u00f3n de Don Eduardo Tar\u00edn Certamen Internacional de Bandas de M\u00fasica \u00abCiudat de Val\u00e8ncia\u00bb 7 de Juliol de 1989 Morton Gould.<\/p>\n\n\n\n<p class=\"has-text-align-center has-medium-font-size\"><strong><em>199<\/em><\/strong>3<\/p>\n\n\n\n<p><a href=\"https:\/\/www.youtube.com\/watch?v=9yYMbXYgMds\">LA REVOLTOSA.<\/a> de Ruperto Chap\u00ed. Banda Sinf\u00f3nica, Teatro Principal de Requena, XV Semana Musical de Requena (1993)<\/p>\n\n\n\n<p><a href=\"https:\/\/www.youtube.com\/watch?v=tW0Eajm0K5Q&amp;list=PLd_qJQmxtDTKtwrtJ1dH2_6kGv5Ub-7dX&amp;index=4\">RICERCARE<\/a> de Jos\u00e9 Mar\u00eda Cervera Lloret. Sociedad Musical L&#8217; Artesana de Catarroja. Dirige Don \u00c1lvaro Albiach. Teatro Principal de Requena, con motivo de la XV Semana Musical de Requena (1993)<\/p>\n\n\n\n<p><a href=\"https:\/\/www.youtube.com\/watch?v=4rR2IKV0QCk\">ESPA\u00d1A Rapsodia para Orquesta <\/a>de E.Chabrier . Banda Sinf\u00f3nica. Dirige Don \u00c1lvaro Albiach. Teatro Principal de Requena, con motivo de la XV Semana Musical de Requena (1993)<\/p>\n\n\n\n<p><a href=\"https:\/\/www.youtube.com\/watch?v=27viGpzeMcM\">LA FORZA DEL DESTINO<\/a>, Obertura. J Verdi. Banda Sinf\u00f3nica. Dirige Don \u00c1lvaro Albiach. Teatro Principal de Requena, con motivo de la XV Semana Musical de Requena (1993)<\/p>\n\n\n\n<p class=\"has-text-align-center has-medium-font-size\"><strong><em>2009<\/em><\/strong><\/p>\n\n\n\n<p><a href=\"https:\/\/www.youtube.com\/watch?v=4vQxjFYQgXc\">LA RODANA<\/a>, Pasodoble de Ferrer Ferran, Banda Sinf\u00f3nica, concierto Fiestas Patronales San Miquel 27\/09\/2009<\/p>\n\n\n\n<p><a href=\"https:\/\/www.youtube.com\/watch?v=7z2NW_WfJs0\">LA ARTESANA,<\/a> Pasodoble de J Mar\u00ed, Banda Sinf\u00f3nica, concierto fiestas de Santa Cecilia 27\/11\/2009<\/p>\n\n\n\n<p class=\"has-text-align-center has-medium-font-size\"><em><strong>2010<\/strong><\/em><\/p>\n\n\n\n<p><a href=\"https:\/\/www.youtube.com\/watch?v=D5vn-g1ObSA\">MAR I BEL<\/a>, pasodoble de Ferrer Ferran, Banda Sinf\u00f3nica , 26\/11\/2010<\/p>\n\n\n\n<p><a href=\"https:\/\/www.youtube.com\/watch?v=tcnLqFAxVnM\">MUIX I SEGUR<\/a>, Pasodoble de Vicente Almarche Pons, Banda Sinf\u00f3nica , 01\/10\/2011<\/p>\n\n\n\n<p class=\"has-text-align-center has-medium-font-size\"><em><strong>2011<\/strong><\/em><\/p>\n\n\n\n<p><a href=\"https:\/\/www.youtube.com\/watch?v=hzHPgOQwM9M\">L&#8217;OS I EN BALA<\/a>, Pasodoble &#8211; Certamen diputacion de Valencia (Primera secci\u00f3n) &#8211; 2011<\/p>\n\n\n\n<p><a href=\"https:\/\/www.youtube.com\/watch?v=tv5pCA0fgMw\">La Font Roja<\/a> &#8211; Certamen diputaci\u00f3 de Valencia (Primera secci\u00f3) &#8211; S.M. L&#8217;Artesana<\/p>\n\n\n\n<p><a href=\"https:\/\/www.youtube.com\/watch?v=A7qzq5kVnW0\">EL RUGIR DEL KIMBO<\/a>, de Ferrer Ferr\u00e1n, Banda Sinf\u00f3nica, Certamen diputacion de Valencia (Primera secci\u00f3n) &#8211; 2011<\/p>\n\n\n\n<p><a href=\"https:\/\/www.youtube.com\/watch?v=BiJbQGi1j_U\">PEPITA FORTEA<\/a>, Pasdoble de Miguel y Visente Almarche, Sinf\u00f3nica, concert santa cecilia ,02\/12\/2011<\/p>\n\n\n\n<p class=\"has-text-align-center has-medium-font-size\"><em><strong>2013<\/strong><\/em><\/p>\n\n\n\n<p><a href=\"https:\/\/www.youtube.com\/watch?v=CwZfpQj4x7g\">LA FLOR DEL TARONGER<\/a>, M Asins, Banda Sinf\u00f3nica, Banda Sinf\u00f3nica, , 24\/02\/2013<\/p>\n\n\n\n<p><a href=\"https:\/\/www.youtube.com\/watch?v=2U1eo8fE2LY\">AIRES LLEVENTINS<\/a>, B. Sanchis, Banda Sinf\u00f3nica, 24\/02\/2013<\/p>\n\n\n\n<p><a href=\"https:\/\/www.youtube.com\/watch?v=CM_HDpmZObI\">FALLERA MAJOR DE VALENCIA<\/a>, Banda Sinf\u00f3nica, 24\/02\/2013<\/p>\n\n\n\n<p><a href=\"https:\/\/www.youtube.com\/watch?v=ASZMJmMEYe4\">FALLERA MAYOR DE VALENCIA, (la Corte de Honor)<\/a>, Banda Sinf\u00f3nica, 24\/02\/2013<\/p>\n\n\n\n<p><a href=\"https:\/\/www.youtube.com\/watch?v=EqKWw9-ptVA\">L&#8217;ENTRA DE LA MURTA<\/a>, Banda Sinf\u00f3nica, 24\/02\/2013<\/p>\n\n\n\n<p><a href=\"https:\/\/www.youtube.com\/watch?v=dF9OS5XgctE\">LO CANT DEL VALENCI\u00c1<\/a>, Banda Sinf\u00f3nica, P Sosa, 24\/02\/2013<\/p>\n\n\n\n<p><a href=\"https:\/\/www.youtube.com\/watch?v=79X7AFTsphI\">EL PARAISO (la divina comedia) <\/a>R V Smith, Banda Sinf\u00f3nica, concert Segorbe 20\/04\/2013<\/p>\n\n\n\n<p><a href=\"https:\/\/www.youtube.com\/watch?v=sPUUi5XOHT0\">EL INFIERNO (la divina comedia)<\/a> R V Smith, Banda Sinf\u00f3nica, concierto Segorbe 20\/04\/2013<\/p>\n\n\n\n<p><a href=\"https:\/\/www.youtube.com\/watch?v=kpBTaKpl-Ik\">EL INFIERNO (la divin<\/a>a comedia) R V Smith, Banda Sinf\u00f3nica, concierto 28\/04\/2013<\/p>\n\n\n\n<p><a href=\"https:\/\/www.youtube.com\/watch?v=m21IxBhPsRM\">DO\u00d1A LOLA<\/a><strong>,<\/strong> F. Grau, Banda Sinf\u00f3nica, Pasodoble, concierto 28\/04\/2013<\/p>\n\n\n\n<p><a href=\"https:\/\/www.youtube.com\/watch?v=mnLAb0Xdc4A\">BEETWIN TWO RIVERS<\/a>, R Smith, Banda Sinf\u00f3nica, concierto 28\/04\/2013<\/p>\n\n\n\n<p><a href=\"https:\/\/www.youtube.com\/watch?v=O8tVupr1I3s\">RETRATOS DE ESPA\u00d1A,<\/a> T Aparicio , Banda Jove \u201cMestre Tar\u00edn\u201d, Certamen de Alc\u00e0sser 29\/06\/2013<\/p>\n\n\n\n<p><a href=\"https:\/\/www.youtube.com\/watch?v=IsMqN80YTvU\">MUSIC FOR A FESTIVAL<\/a> Banda Jove \u201cMestre Tar\u00edn\u201d, Certamen de Alcasser 29\/06\/2013<\/p>\n\n\n\n<p><a href=\"https:\/\/www.youtube.com\/watch?v=Zy6KIe7eErk\">EL PRINCIPE IGOR<\/a>, James Barn<strong>es<\/strong>, Banda Sinf\u00f3nica, concierto Sant Miquel 27\/09\/2013<\/p>\n\n\n\n<p><a href=\"https:\/\/www.youtube.com\/watch?v=LGfJbcTtdAk\">MARCHA ESLAVA<\/a><strong>,<\/strong> Txaicoscki, Banda Sinf\u00f3nica, concierto Sant Miquel 27\/09\/2013<\/p>\n\n\n\n<p><a href=\"https:\/\/www.youtube.com\/watch?v=8kO_eXCMxbY\">THE WIZARD OF OZ<\/a>, James Barn<strong>es<\/strong>, Banda Sinf\u00f3nica, concierto de Nadal 22\/12\/2013<\/p>\n\n\n\n<p><a href=\"https:\/\/www.youtube.com\/watch?v=gcOOLqkMPLk\">tercera sinfonia III mov. \u00abThe Tragic\u00bb For Natalie,<\/a> J Barnes, Banda Sinf\u00f3nica, concierto de Navidad 22\/12\/2013<\/p>\n\n\n\n<p><a href=\"https:\/\/www.youtube.com\/watch?v=lDWjpkz7WTA\">tercera sinfonia IV mov. Allegro Giocoso<\/a>, James Barn<strong>es<\/strong>, Banda Sinf\u00f3nica, Concierto de Navidad 22\/12\/2013<\/p>\n\n\n\n<p><a href=\"https:\/\/www.youtube.com\/watch?v=Ek3z3Ylmdxw\">ROSAS DEL SUR<\/a>, vals, J Straus, Banda Sinf\u00f3nica, concierto de Navidad 22\/12\/2013<\/p>\n\n\n\n<p class=\"has-text-align-center has-medium-font-size\"><em><strong>2014<\/strong><\/em><\/p>\n\n\n\n<p><a href=\"https:\/\/www.youtube.com\/watch?v=cCjUcNzXePA\">DANZON n\u00ba 2<\/a>, G Dudamel, Banda Sinf\u00f3nica, 27\/09\/2014<\/p>\n\n\n\n<p><a href=\"https:\/\/www.youtube.com\/watch?v=6Ns6rjsSEfs\">RAPSODIA VALENCIANA<\/a>, M Penalla , Banda Sinf\u00f3nica, 27\/09\/2014<\/p>\n\n\n\n<p><a href=\"https:\/\/www.youtube.com\/watch?v=KgtKMyFh9KU\">LIBERTANGO,<\/a> A Piazzola, Banda Sinf\u00f3nica, 27\/09\/2014<\/p>\n\n\n\n<p><a href=\"https:\/\/www.youtube.com\/watch?v=9RSAG1t4Xoo\">PALINDROMIA FLAMENCA<\/a>, A Ruda, Banda Sinf\u00f3nica, 27\/09\/2014<\/p>\n\n\n\n<p class=\"has-text-align-center has-medium-font-size\"><em><strong>2015<\/strong><\/em><\/p>\n\n\n\n<p><a href=\"https:\/\/www.youtube.com\/watch?v=xM-DjlpO3Ek\">LA ARTESANA, <\/a>Pasodoble de Juan Mar\u00ed Mar\u00ed, Banda Sinf\u00f3nica, 22\/03\/2015<\/p>\n\n\n\n<p><a href=\"https:\/\/www.youtube.com\/watch?v=5zJJFnHAqmQ\">PEDRITO BALA\u00d1A<\/a>, Pasodoble de A. Claverol, Banda Sinf\u00f3nica, 22\/03\/2015<\/p>\n\n\n\n<p><a href=\"https:\/\/www.youtube.com\/watch?v=SFQ_ubW0j90\">DANZA ORIENTAL<\/a> de J M Izquierdo. Banda Sinf\u00f3nica, Concierto Musa y Camarera 05\/072015<\/p>\n\n\n\n<p><a href=\"https:\/\/www.youtube.com\/watch?v=SFQ_ubW0j90\">CAN\u00c7ONS DE MARE, <\/a> de R Talens, Banda Sinf\u00f3nica, Concierto Musa y Camarera 05\/072015<\/p>\n\n\n\n<p class=\"has-text-align-center has-medium-font-size\"><em><strong>2018<\/strong><\/em><\/p>\n\n\n\n<p><a href=\"https:\/\/www.youtube.com\/watch?v=teQK5FOQkBo&amp;t=121s\">SINFON\u00cdA N\u00ba1 EN DO MAYOR OP.21<\/a> de L.V. Beethoven interpretado por la Orquesta Sinf\u00f3nica de &#8216;La Artesana&#8217; de Catarroja dirigida por Ximo Arias Bot\u00edas en el II Concurso Bankia de Orquestas de la Comunitat Valenciana. 25\/02\/2018<\/p>\n\n\n\n<p class=\"has-text-align-center has-medium-font-size\"><em><strong>2020<\/strong><\/em><\/p>\n\n\n\n<p><a href=\"https:\/\/www.youtube.com\/watch?v=_zCBwEpwJ-4&amp;list=PLd_qJQmxtDTKtwrtJ1dH2_6kGv5Ub-7dX&amp;index=10\">Concierto Fiestas de Santa Cec\u00edlia del a\u00f1o 20<\/a>20 ofrrecido por la Banda Simf\u00f3nica de la Societat Musical de l&#8217;Artesana de Catarroja. D\u00eda 21 de Noviembre de 2020 en el Teatre Auditori de Catarroja (TAC)<\/p>\n\n\n\n<p><a href=\"https:\/\/www.youtube.com\/watch?v=qJ3wP9uDNk8&amp;list=PLd_qJQmxtDTKtwrtJ1dH2_6kGv5Ub-7dX&amp;index=11\">A CRHISMAS FESTIVAL de<\/a>Leroy Anderson, 25 de Diciembre de 2020, la banda Simf\u00f2nica de la SM l&#8217;Artesana tiene el placer de felicitarles las Navidades con una pieza musicalk llena de cl\u00e1sicas melod\u00edas navide\u00f1as.<\/p>\n\n\n\n<p class=\"has-text-align-center has-medium-font-size\"><strong><em>2021<\/em><\/strong><\/p>\n\n\n\n<p><a href=\"https:\/\/www.youtube.com\/watch?v=t48-GNUsCQU&amp;t=372s\">CONCIERTO DE VERANO<\/a>, Banda Jove, junio de 2021<\/p>\n\n\n\n<figure class=\"wp-block-image size-thumbnail\"><a href=\"https:\/\/www.lartesana.org\/wp-content\/uploads\/2024\/06\/2021-06-concert-b-jove-s-7-novenbre.jpg\"><img loading=\"lazy\" decoding=\"async\" width=\"150\" height=\"150\" src=\"https:\/\/www.lartesana.org\/wp-content\/uploads\/2024\/06\/2021-06-concert-b-jove-s-7-novenbre-150x150.jpg\" alt=\"\" class=\"wp-image-6469\"\/><\/a><\/figure>\n\n\n\n<p class=\"has-text-align-center has-medium-font-size\"><em><strong>2022<\/strong><\/em><\/p>\n\n\n\n<p><a href=\"https:\/\/www.facebook.com\/100063619294909\/videos\/pcb.525058192958153\/2756004377864607\">COCIERTO PIROMUSICAL<\/a>, Banda Sinf\u00f3nica \/ Pirotecnia Pe\u00f1arroja, 28\/09\/2022<\/p>\n\n\n\n<figure class=\"wp-block-gallery has-nested-images columns-default is-cropped wp-block-gallery-1 is-layout-flex wp-block-gallery-is-layout-flex\">\n<figure class=\"wp-block-image size-large\"><a href=\"https:\/\/www.facebook.com\/100063619294909\/videos\/pcb.525058192958153\/2756004377864607\"><img loading=\"lazy\" decoding=\"async\" width=\"940\" height=\"788\" data-id=\"6360\" src=\"https:\/\/www.lartesana.org\/wp-content\/uploads\/2024\/06\/piromusical-0.jpg\" alt=\"\" class=\"wp-image-6360\" srcset=\"https:\/\/www.lartesana.org\/wp-content\/uploads\/2024\/06\/piromusical-0.jpg 940w, https:\/\/www.lartesana.org\/wp-content\/uploads\/2024\/06\/piromusical-0-480x402.jpg 480w\" sizes=\"(min-width: 0px) and (max-width: 480px) 480px, (min-width: 481px) 940px, 100vw\" \/><\/a><\/figure>\n\n\n\n<figure class=\"wp-block-image size-large\"><a href=\"https:\/\/www.facebook.com\/100063619294909\/videos\/pcb.525058192958153\/535861301876018\"><img loading=\"lazy\" decoding=\"async\" width=\"1024\" height=\"498\" data-id=\"6364\" src=\"https:\/\/www.lartesana.org\/wp-content\/uploads\/2024\/06\/primomusical-1309534622_525057129624926_7088277034846969159_n.jpg\" alt=\"\" class=\"wp-image-6364\" srcset=\"https:\/\/www.lartesana.org\/wp-content\/uploads\/2024\/06\/primomusical-1309534622_525057129624926_7088277034846969159_n.jpg 1024w, https:\/\/www.lartesana.org\/wp-content\/uploads\/2024\/06\/primomusical-1309534622_525057129624926_7088277034846969159_n-980x477.jpg 980w, https:\/\/www.lartesana.org\/wp-content\/uploads\/2024\/06\/primomusical-1309534622_525057129624926_7088277034846969159_n-480x233.jpg 480w\" sizes=\"(min-width: 0px) and (max-width: 480px) 480px, (min-width: 481px) and (max-width: 980px) 980px, (min-width: 981px) 1024px, 100vw\" \/><\/a><\/figure>\n<\/figure>\n\n\n\n<p><a href=\"https:\/\/www.youtube.com\/watch?v=NxLrECFG7vI&amp;t=142s\">Concierto Fiestas de Santa Cecilia 2022,<\/a> Banda Sinf\u00f3nica, 20\/11\/2022<\/p>\n\n\n\n<figure class=\"wp-block-image size-thumbnail\"><a href=\"https:\/\/www.lartesana.org\/wp-content\/uploads\/2024\/06\/2022-concert-sta-cecilia.jpg\"><img loading=\"lazy\" decoding=\"async\" width=\"150\" height=\"150\" src=\"https:\/\/www.lartesana.org\/wp-content\/uploads\/2024\/06\/2022-concert-sta-cecilia-150x150.jpg\" alt=\"\" class=\"wp-image-6434\"\/><\/a><\/figure>\n\n\n\n<p><a href=\"https:\/\/www.youtube.com\/watch?v=aMA6ScjCxlo&amp;t=1235s\">Concierto de Navidad (Dedicado a los abuelos)<\/a> Banda Jove Mestre Tar\u00edn, 23\/12\/2022<\/p>\n\n\n\n<figure class=\"wp-block-image size-thumbnail\"><a href=\"https:\/\/www.lartesana.org\/wp-content\/uploads\/2024\/06\/2022-cocncert-nadal-iaios-b-j.jpg\"><img loading=\"lazy\" decoding=\"async\" width=\"150\" height=\"150\" src=\"https:\/\/www.lartesana.org\/wp-content\/uploads\/2024\/06\/2022-cocncert-nadal-iaios-b-j-150x150.jpg\" alt=\"\" class=\"wp-image-6428\"\/><\/a><\/figure>\n\n\n\n<p class=\"has-text-align-center has-medium-font-size\"><em><strong>2023<\/strong><\/em><\/p>\n\n\n\n<p><a href=\"https:\/\/www.youtube.com\/watch?v=ulA3ehjzCM4&amp;t=224s\">Concierto ADN.<\/a> Musica compuesta por m\u00fasicos de l&#8217;Artesana, Banda Sinf\u00f3nica, 03\/03\/2023<\/p>\n\n\n\n<figure class=\"wp-block-image aligncenter size-thumbnail\"><a href=\"https:\/\/www.lartesana.org\/wp-content\/uploads\/2024\/06\/2023-concert-ADN.jpg\"><img loading=\"lazy\" decoding=\"async\" width=\"150\" height=\"150\" src=\"https:\/\/www.lartesana.org\/wp-content\/uploads\/2024\/06\/2023-concert-ADN-150x150.jpg\" alt=\"\" class=\"wp-image-6422\"\/><\/a><\/figure>\n\n\n\n<p><a href=\"https:\/\/www.youtube.com\/watch?v=xwfYbsVNzCQ&amp;t=1820s\">Actuaci\u00f3n con Enric Valor (Concierto BANDAUTORIUM)<\/a> Banda Sinf\u00f3nica, 07\/06\/2023<\/p>\n\n\n\n<figure class=\"wp-block-image aligncenter size-thumbnail\"><a href=\"https:\/\/www.lartesana.org\/wp-content\/uploads\/2024\/06\/2023-10-BANDA-SINFONICA-ANDREU-VALOR-07OCT2023_page-0001.jpg\"><img loading=\"lazy\" decoding=\"async\" width=\"150\" height=\"150\" src=\"https:\/\/www.lartesana.org\/wp-content\/uploads\/2024\/06\/2023-10-BANDA-SINFONICA-ANDREU-VALOR-07OCT2023_page-0001-150x150.jpg\" alt=\"\" class=\"wp-image-6424\"\/><\/a><\/figure>\n\n\n\n<p><a href=\"https:\/\/www.youtube.com\/watch?v=LmMDMVbWRAg&amp;t=1196s\">Concierto de fiestas Patronales 2023 ,<\/a> Banda sinf\u00f3nica, 27\/09\/2023<\/p>\n\n\n\n<figure class=\"wp-block-image size-thumbnail\"><a href=\"https:\/\/www.lartesana.org\/wp-content\/uploads\/2024\/06\/2023-concert-festes379990358_801506925313277_4568973575370355945_n.jpg\"><img loading=\"lazy\" decoding=\"async\" width=\"150\" height=\"150\" src=\"https:\/\/www.lartesana.org\/wp-content\/uploads\/2024\/06\/2023-concert-festes379990358_801506925313277_4568973575370355945_n-150x150.jpg\" alt=\"\" class=\"wp-image-6432\"\/><\/a><\/figure>\n\n\n\n<p><a href=\"https:\/\/www.youtube.com\/watch?v=nlDsvtEkMVQ\">MARI CARMEN RAMIRO,<\/a> pasodoble de V. Chuli\u00e1, Homenaje a D. Salvador Chuli\u00e1 Hen\u00e1ndez Concierto Fiestas de Santa Cecilia 2023, 18 Noviembre 2023<\/p>\n\n\n\n<figure class=\"wp-block-image aligncenter size-thumbnail\"><a href=\"https:\/\/www.lartesana.org\/wp-content\/uploads\/2024\/06\/2023-santa-cecilia-cartel-concert-SC-2023.jpg\"><img loading=\"lazy\" decoding=\"async\" width=\"150\" height=\"150\" src=\"https:\/\/www.lartesana.org\/wp-content\/uploads\/2024\/06\/2023-santa-cecilia-cartel-concert-SC-2023-150x150.jpg\" alt=\"\" class=\"wp-image-6430\"\/><\/a><\/figure>\n\n\n\n<p><a href=\"https:\/\/www.youtube.com\/watch?v=MLWWgYqR0fQ\">DIPTICO SINF\u00d3NICO,<\/a> de S. Chuli\u00e1, Banda Sinf\u00f3nica, Concierto Santa Cecilia 2023 18\/11\/2023<\/p>\n\n\n\n<p><a href=\"https:\/\/www.youtube.com\/watch?v=BWkS1HnNo5c\">Concierto de Navidad,<\/a> Orquesta Sinf\u00f3nica, 26\/12\/2023<\/p>\n\n\n\n<figure class=\"wp-block-image size-thumbnail\"><a href=\"https:\/\/www.lartesana.org\/wp-content\/uploads\/2024\/06\/2023-ORQUESTRA-NADAL.jpg\"><img loading=\"lazy\" decoding=\"async\" width=\"150\" height=\"150\" src=\"https:\/\/www.lartesana.org\/wp-content\/uploads\/2024\/06\/2023-ORQUESTRA-NADAL-150x150.jpg\" alt=\"\" class=\"wp-image-6426\"\/><\/a><\/figure>\n\n\n\n<p class=\"has-text-align-center has-medium-font-size\"><strong>2024<\/strong><\/p>\n\n\n\n<p><a href=\"https:\/\/www.youtube.com\/watch?v=fTwKCDewLyo&amp;t=84s\">Concierto de Pasdobles,<\/a> Banda Jove Mestre Tar\u00edn, 18\/02\/2024<\/p>\n\n\n\n<figure class=\"wp-block-image aligncenter size-thumbnail\"><a href=\"https:\/\/www.lartesana.org\/wp-content\/uploads\/2024\/06\/2024-banda-jose-pasodobles-concert-pasodobles-b-j.jpg\"><img loading=\"lazy\" decoding=\"async\" width=\"150\" height=\"150\" src=\"https:\/\/www.lartesana.org\/wp-content\/uploads\/2024\/06\/2024-banda-jose-pasodobles-concert-pasodobles-b-j-150x150.jpg\" alt=\"\" class=\"wp-image-6414\"\/><\/a><\/figure>\n\n\n\n<p><a href=\"https:\/\/www.youtube.com\/watch?v=STywqB2rijQ&amp;t=1285s\">Concierto de M\u00fasica Festera<\/a>. Banda sinf\u00f3nica, 19\/04\/2024<\/p>\n\n\n\n<figure class=\"wp-block-image aligncenter size-thumbnail\"><a href=\"https:\/\/www.lartesana.org\/wp-content\/uploads\/2024\/06\/2024-musica-festera.jpg\"><img loading=\"lazy\" decoding=\"async\" width=\"150\" height=\"150\" src=\"https:\/\/www.lartesana.org\/wp-content\/uploads\/2024\/06\/2024-musica-festera-150x150.jpg\" alt=\"\" class=\"wp-image-6416\"\/><\/a><\/figure>\n\n\n\n<p><a href=\"https:\/\/www.youtube.com\/watch?v=O8RWy1fDSW8&amp;t=25s\">Concierto Manos Unidas (Bandas sonoras).<\/a> Banda Jove Mestre Tar\u00edn, 05\/05\/2024<\/p>\n\n\n\n<figure class=\"wp-block-image size-thumbnail\"><a href=\"https:\/\/www.lartesana.org\/wp-content\/uploads\/2024\/06\/2024-manos-unidas-progr.jpg\"><img loading=\"lazy\" decoding=\"async\" width=\"150\" height=\"150\" src=\"https:\/\/www.lartesana.org\/wp-content\/uploads\/2024\/06\/2024-manos-unidas-progr-150x150.jpg\" alt=\"\" class=\"wp-image-6418\"\/><\/a><\/figure>\n\n\n\n<p><\/p>\n\n\n\n<p><\/p>\n\n\n\n<p><a href=\"https:\/\/www.youtube.com\/watch?v=C4pg3WuACdY\">Concierto presentaci\u00f3n Musa y Camarera Santa Cecilia 2024<\/a>, Banda Sinf\u00f3nica Concierto Musa y Camarera 2024 11\/05\/2024<\/p>\n\n\n\n<figure class=\"wp-block-image aligncenter size-thumbnail\"><a href=\"https:\/\/www.lartesana.org\/wp-content\/uploads\/2024\/06\/2024-musa-i-cambrera.jpg\"><img loading=\"lazy\" decoding=\"async\" width=\"150\" height=\"150\" src=\"https:\/\/www.lartesana.org\/wp-content\/uploads\/2024\/06\/2024-musa-i-cambrera-150x150.jpg\" alt=\"\" class=\"wp-image-6420\"\/><\/a><\/figure>\n\n\n\n<p><a href=\"https:\/\/www.facebook.com\/100000529206612\/videos\/429297426559539\">HIMNO DEL EJERCITO DEL AIRE<\/a>, R. Dorado, Band<a href=\"https:\/\/www.lartesana.org\/es\/concierto-de-la-banda-juvenil-en-el-aerodromo-de-requena\/\">a Jove \u00abMestre Tar\u00edn\u00bb<\/a>D\u00eda 25\/05\/2024<\/p>\n\n\n\n<p><a href=\"https:\/\/www.facebook.com\/1075038975\/videos\/980034510058668\/\">PEARL HARBOR,<\/a> H Zimmer. Banda Jove Mestre Tar\u00edn. d\u00eda 25\/05\/2024<\/p>\n\n\n\n<p><a href=\"https:\/\/www.youtube.com\/watch?v=KaptA4vIn7Y\">CONCIERTO INTERCAMBIO<\/a>BANDA JOVE \u00abMESTRE TAR\u00cdN\u00bb D\u00cdA 09\/06\/2024 <\/p>\n\n\n\n<figure class=\"wp-block-image aligncenter size-thumbnail\"><a href=\"https:\/\/www.lartesana.org\/wp-content\/uploads\/2024\/06\/Intercambios-2024-Somu-Alcasser-30-de-juny.jpg\"><img loading=\"lazy\" decoding=\"async\" width=\"150\" height=\"150\" src=\"https:\/\/www.lartesana.org\/wp-content\/uploads\/2024\/06\/Intercambios-2024-Somu-Alcasser-30-de-juny-150x150.jpg\" alt=\"\" class=\"wp-image-7011\"\/><\/a><\/figure>\n\n\n\n<p><a href=\"https:\/\/www.youtube.com\/watch?v=ak7wd1lYOhg\">EDUARDO CIFRE.<\/a> Pasodoble de Pascual Mart\u00ednez. Banda Simph\u00f2nica SM l&#8217;Artesana 20\/10\/2024<\/p>\n\n\n\n<figure class=\"wp-block-image alignright size-full is-resized\"><a href=\"https:\/\/www.lartesana.org\/wp-content\/uploads\/2024\/10\/2024-10-BANDA-SINFONICA-CONCERT-A-DOS-BANDES-MASSANASSA-20OCT2024_page-0001-3.jpg\"><img loading=\"lazy\" decoding=\"async\" width=\"1755\" height=\"1241\" src=\"https:\/\/www.lartesana.org\/wp-content\/uploads\/2024\/10\/2024-10-BANDA-SINFONICA-CONCERT-A-DOS-BANDES-MASSANASSA-20OCT2024_page-0001-3.jpg\" alt=\"\" class=\"wp-image-7757\" style=\"width:250px;height:auto\" srcset=\"https:\/\/www.lartesana.org\/wp-content\/uploads\/2024\/10\/2024-10-BANDA-SINFONICA-CONCERT-A-DOS-BANDES-MASSANASSA-20OCT2024_page-0001-3.jpg 1755w, https:\/\/www.lartesana.org\/wp-content\/uploads\/2024\/10\/2024-10-BANDA-SINFONICA-CONCERT-A-DOS-BANDES-MASSANASSA-20OCT2024_page-0001-3-1280x905.jpg 1280w, https:\/\/www.lartesana.org\/wp-content\/uploads\/2024\/10\/2024-10-BANDA-SINFONICA-CONCERT-A-DOS-BANDES-MASSANASSA-20OCT2024_page-0001-3-980x693.jpg 980w, https:\/\/www.lartesana.org\/wp-content\/uploads\/2024\/10\/2024-10-BANDA-SINFONICA-CONCERT-A-DOS-BANDES-MASSANASSA-20OCT2024_page-0001-3-480x339.jpg 480w\" sizes=\"(min-width: 0px) and (max-width: 480px) 480px, (min-width: 481px) and (max-width: 980px) 980px, (min-width: 981px) and (max-width: 1280px) 1280px, (min-width: 1281px) 1755px, 100vw\" \/><\/a><\/figure>\n","protected":false},"excerpt":{"rendered":"<p>Videos de actuaciones<\/p>\n","protected":false},"author":1,"featured_media":6322,"parent":0,"menu_order":10,"comment_status":"closed","ping_status":"closed","template":"","meta":{"_et_pb_use_builder":"off","_et_pb_old_content":"","_et_gb_content_width":"","footnotes":""},"class_list":["post-6252","page","type-page","status-publish","has-post-thumbnail","hentry"],"_links":{"self":[{"href":"https:\/\/www.lartesana.org\/es\/wp-json\/wp\/v2\/pages\/6252","targetHints":{"allow":["GET"]}}],"collection":[{"href":"https:\/\/www.lartesana.org\/es\/wp-json\/wp\/v2\/pages"}],"about":[{"href":"https:\/\/www.lartesana.org\/es\/wp-json\/wp\/v2\/types\/page"}],"author":[{"embeddable":true,"href":"https:\/\/www.lartesana.org\/es\/wp-json\/wp\/v2\/users\/1"}],"replies":[{"embeddable":true,"href":"https:\/\/www.lartesana.org\/es\/wp-json\/wp\/v2\/comments?post=6252"}],"version-history":[{"count":23,"href":"https:\/\/www.lartesana.org\/es\/wp-json\/wp\/v2\/pages\/6252\/revisions"}],"predecessor-version":[{"id":7804,"href":"https:\/\/www.lartesana.org\/es\/wp-json\/wp\/v2\/pages\/6252\/revisions\/7804"}],"wp:featuredmedia":[{"embeddable":true,"href":"https:\/\/www.lartesana.org\/es\/wp-json\/wp\/v2\/media\/6322"}],"wp:attachment":[{"href":"https:\/\/www.lartesana.org\/es\/wp-json\/wp\/v2\/media?parent=6252"}],"curies":[{"name":"wp","href":"https:\/\/api.w.org\/{rel}","templated":true}]}}