{"id":4405,"date":"2021-03-02T11:05:25","date_gmt":"2021-03-02T10:05:25","guid":{"rendered":"https:\/\/www.lartesana.org\/la-orquesta-infantil\/"},"modified":"2024-05-07T15:26:16","modified_gmt":"2024-05-07T13:26:16","slug":"la-orquesta-infantil","status":"publish","type":"page","link":"https:\/\/www.lartesana.org\/es\/agrupaciones\/la-orquesta-infantil\/","title":{"rendered":"La Orquesta Infantil"},"content":{"rendered":"\n<p><\/p>\n\n<figure class=\"wp-block-image aligncenter size-full is-resized\"><img loading=\"lazy\" decoding=\"async\" width=\"470\" height=\"355\" src=\"https:\/\/www.lartesana.org\/wp-content\/uploads\/2024\/05\/foto-otq-inf_page-0001.jpg\" alt=\"\" class=\"wp-image-5636\" style=\"width:246px;height:auto\"\/><\/figure>\n\n<p><strong>Directora de la Orquesta Infantil:<\/strong> Ana Isabel G\u00f3mez Sapena<\/p>\n\n<p> <\/p>\n\n<p>Ana Isabel G\u00f3mez Sapena licenciada en M\u00fasica en la especialidad de viol\u00edn, M\u00e1ster en gesti\u00f3n y direcci\u00f3n de centros educativos, y M\u00e1ster en musicoterapia.<\/p>\n\n<p><br\/>Ha realizado cursos de direcci\u00f3n con M\u00f2nica Perales i Massana, Josep Ram\u00f3n Gil T\u00e1rrega, Pep Prats, Jaume Sala i Gemma Tatay, Isabel Matecon, Gloria Coma. Cursos de viol\u00edn con, Miguel \u00c1ngel Gorrea, Vicente Balaguer, Enrique Palomares, Reme Fabra, Yulia Nefyodova, Carmina Morell\u00e1, entre otros. Cursos de pedagogia musical con Remigi Morant, Eul\u00e0lia Abad.<\/p>\n\n<p>.<br\/>Ha participado como viol\u00edn tutti en la joven orquesta de Castell\u00f3n, orquesta de la universidad de Valencia, orquesta sinf\u00f3nica de Albacete, concertino de la orquesta solidaria de Valencia.<\/p>\n\n<p><br\/>Actualmente es directora y profesora de viol\u00edn y viola, m\u00fasica y movimiento, y coro infantil en la escuela de m\u00fasica Campanar de Valencia, profesora de viol\u00edn en la escuela de m\u00fasica Santa Cecilia de Sedav\u00ed, directora de la coral amics de la m\u00fasica de Meliana y directora de la orquesta infantil de la Artesana de Catarroja.<\/p>\n\n<p><font _mstmutation=\"1\" _msthash=\"978042\"><\/font><\/p>\n\n<p><font _mstmutation=\"1\" _msthash=\"1011647\"><\/font><\/p>\n\n<p><font _mstmutation=\"1\" _msthash=\"1050790\"><\/font><\/p>\n\n<p><font _mstmutation=\"1\" _msthash=\"1037855\"><\/font><\/p>\n","protected":false},"excerpt":{"rendered":"<p>Directora de la Orquesta Infantil: Ana Isabel G\u00f3mez Sapena Ana Isabel G\u00f3mez Sapena licenciada en M\u00fasica en la especialidad de viol\u00edn, M\u00e1ster en gesti\u00f3n y direcci\u00f3n de centros educativos, y M\u00e1ster en musicoterapia. Ha realizado cursos de direcci\u00f3n con M\u00f2nica Perales i Massana, Josep Ram\u00f3n Gil T\u00e1rrega, Pep Prats, Jaume Sala i Gemma Tatay, Isabel [&hellip;]<\/p>\n","protected":false},"author":1,"featured_media":5635,"parent":4355,"menu_order":20,"comment_status":"closed","ping_status":"closed","template":"","meta":{"_et_pb_use_builder":"","_et_pb_old_content":"","_et_gb_content_width":"","footnotes":""},"class_list":["post-4405","page","type-page","status-publish","has-post-thumbnail","hentry"],"_links":{"self":[{"href":"https:\/\/www.lartesana.org\/es\/wp-json\/wp\/v2\/pages\/4405","targetHints":{"allow":["GET"]}}],"collection":[{"href":"https:\/\/www.lartesana.org\/es\/wp-json\/wp\/v2\/pages"}],"about":[{"href":"https:\/\/www.lartesana.org\/es\/wp-json\/wp\/v2\/types\/page"}],"author":[{"embeddable":true,"href":"https:\/\/www.lartesana.org\/es\/wp-json\/wp\/v2\/users\/1"}],"replies":[{"embeddable":true,"href":"https:\/\/www.lartesana.org\/es\/wp-json\/wp\/v2\/comments?post=4405"}],"version-history":[{"count":6,"href":"https:\/\/www.lartesana.org\/es\/wp-json\/wp\/v2\/pages\/4405\/revisions"}],"predecessor-version":[{"id":5745,"href":"https:\/\/www.lartesana.org\/es\/wp-json\/wp\/v2\/pages\/4405\/revisions\/5745"}],"up":[{"embeddable":true,"href":"https:\/\/www.lartesana.org\/es\/wp-json\/wp\/v2\/pages\/4355"}],"wp:featuredmedia":[{"embeddable":true,"href":"https:\/\/www.lartesana.org\/es\/wp-json\/wp\/v2\/media\/5635"}],"wp:attachment":[{"href":"https:\/\/www.lartesana.org\/es\/wp-json\/wp\/v2\/media?parent=4405"}],"curies":[{"name":"wp","href":"https:\/\/api.w.org\/{rel}","templated":true}]}}