{"id":4399,"date":"2014-03-01T23:00:50","date_gmt":"2014-03-01T22:00:50","guid":{"rendered":"https:\/\/www.lartesana.org\/el-director-3\/"},"modified":"2025-11-02T18:43:47","modified_gmt":"2025-11-02T17:43:47","slug":"el-director-3","status":"publish","type":"page","link":"https:\/\/www.lartesana.org\/es\/agrupaciones\/la-banda-sinfonica\/el-director-3\/","title":{"rendered":"El Director"},"content":{"rendered":"\n<figure class=\"wp-block-image aligncenter size-full\"><a href=\"https:\/\/www.lartesana.org\/wp-content\/uploads\/2025\/06\/foto-ximo-director.jpg\"><img loading=\"lazy\" decoding=\"async\" width=\"429\" height=\"260\" src=\"https:\/\/www.lartesana.org\/wp-content\/uploads\/2025\/06\/foto-ximo-director.jpg\" alt=\"\" class=\"wp-image-8865\"\/><\/a><figcaption class=\"wp-element-caption\"><strong><em>Ximo Arias Bot\u00edas, Director de la Banda Sinf\u00f3nica<\/em><\/strong><\/figcaption><\/figure>\n\n\n\n<p>Comienza sus estudios musicales en el Conservatorio Profesional de M\u00fasica \u201cJos\u00e9 Manuel Izquierdo\u201d de Catarroja, y continua en el Conservatorio Superior de M\u00fasica \u201cJoaqu\u00edn Rodrigo\u201d de Valencia, donde obtiene los T\u00edtulos Superiores de Viol\u00edn y Composici\u00f3n, con M\u00aa Carmen Antequera y Andr\u00e9s Valero-Castells.<\/p>\n\n\n\n<p>M\u00e1s tarde obtiene el T\u00edtulo Oficial de M\u00e1ster Universitario en M\u00fasica, en la especialidad de M\u00fasica y Medios Audiovisuales por la Universidad Polit\u00e9cnica de Valencia, con Matr\u00edcula de Honor en su trabajo final sobre la m\u00fasica aplicada en concierto y colaborando con el prestigioso compositor y director Jos\u00e9 Nieto.<\/p>\n\n\n\n<p>Paralelamente, se inicia en la direcci\u00f3n de orquesta y banda con Andr\u00e9s Valero-Castells y de coro con Rafael S\u00e1nchez Mombiedro, titul\u00e1ndose posteriormente en la especialidad de Direcci\u00f3n de Orquesta y Coro con Adolfo Ram\u00edrez y Nadia Stoyanova, en el Conservatorio Superior de M\u00fasica \u201cJoaqu\u00edn Rodrigo\u201d de Valencia.<\/p>\n\n\n\n<p>Ha participado en formaciones j\u00f3venes como la Joven Orquesta de Castell\u00f3n y de la Generalitat Valenciana, as\u00ed como en formaciones profesionales, el Grup Instrumental de Valencia, la Orquesta Sinf\u00f3nica UCAM de Murcia, entre otras. Ha sido violinista titular y solista de la Film Symphony Orchestra (FSO), desde 2013 hasta 2020, actuando en los auditorios m\u00e1s importantes de Espa\u00f1a y Portugal, bajo la direcci\u00f3n de Constantino Mart\u00ednez-Orts.<\/p>\n\n\n\n<p>Ha recibido clases de maestros como Irvine Arditti, Ida Bieler, Enrique Palomares, Vicente Balaguer, Anabel Garc\u00eda, Enrique Sanz, Leonardo Balada, Roberto For\u00e9s, Franciso Tamarit, Carlos Garc\u00e9s, Pablo Marqu\u00e9s, Marcel Ortega, Gregory Fritze y Frank de Vuyst entre muchos otros.<\/p>\n\n\n\n<p>En 2010 le fue concedida la Menci\u00f3n de Honor en el concurso de composici\u00f3n coral de Segorbe, y en 2012 compone la m\u00fasica para el ballet contempor\u00e1neo \u201cODEIM\u201d de la compa\u00f1\u00eda Cienfuegos Danza, con la que ha conseguido diversos premios en Espa\u00f1a y Latinoam\u00e9rica. En 2017 obtiene una beca para participar en el curso de composici\u00f3n para banda con Gregory Fritze en Berklee Valencia, adem\u00e1s de componer la m\u00fasica para diversas compa\u00f1\u00edas de ballet contempor\u00e1neo.<\/p>\n\n\n\n<p>Ha estrenado obras con formaciones como La Orquesta Filarm\u00f2nica de la Universitat de Val\u00e8ncia (OFUV) bajo la direcci\u00f3n de Beatriz Fern\u00e1ndez, el cuarteto \u201cNel Cuore\u201d, la Orquesta y la Banda de l\u2019Artesana de Catarroja, la Orquesta del CSMV, Diputaci\u00f3n de Valencia, entre otras. Tambi\u00e9n ha participado como jurado, en el concurso \u201cJ\u00f3venes Talentos\u201d de las Provincias o el I Concurso \u201cSolista amb Orquestra\u201d del CSMC. En 2022 compone la m\u00fasica original para el proyecto \u201cARA, Sons d\u2019inf\u00e0ncia\u201d para la Diputaci\u00f3n de Valencia, colaborando con Ara Malikian.<\/p>\n\n\n\n<p>Fue director titular de la Orquesta Sinf\u00f3nica l\u2019Artesana de Catarroja desde 2013 hasta septiembre de 2023, colaborando con artistas como Manuel Serrano, Bel\u00e9n Roig, Vicent Romero, Isabel Vila, Carmina S\u00e1nchez, Ra\u00fal Junquera, Carmina y Miguel Morell\u00e1 o el Ballet del Conservatorio Superior de Valencia, entre otros, destacando la participaci\u00f3n en el II Concurso Bankia de Orquestas de la Comunidad Valenciana en 2017, realizado en el Palau de les Arts. Ha dirigido otras formaciones como la Orquesta del CSMV, la Orquesta y Banda del Conservatorio Profesional de Chella, La Orquesta l\u2019Om de Picassent, el Coro \u201cAssociaci\u00f3 d\u2019amics de Crist\u00f2for Aguado\u201d de Picassent o la Banda Sinf\u00f3nica l\u2019Artesana de Catarroja, de la cual es director titular desde 2020.<\/p>\n\n\n\n<p>Actualmente compagina su labor como director, con la de profesor de Direcci\u00f3n de Orquesta y Coro en el Conservatorio Superior de M\u00fasica \u201cSalvador Segu\u00ed\u201d de Castell\u00f3n y como profesor de Direcci\u00f3n en el Conservatorio Superior de M\u00fasica de Castilla la Mancha..<\/p>\n","protected":false},"excerpt":{"rendered":"<p>Comienza sus estudios musicales en el Conservatorio Profesional de M\u00fasica \u201cJos\u00e9 Manuel Izquierdo\u201d de Catarroja, y continua en el Conservatorio Superior de M\u00fasica \u201cJoaqu\u00edn Rodrigo\u201d de Valencia, donde obtiene los T\u00edtulos Superiores de Viol\u00edn y Composici\u00f3n, con M\u00aa Carmen Antequera y Andr\u00e9s Valero-Castells. M\u00e1s tarde obtiene el T\u00edtulo Oficial de M\u00e1ster Universitario en M\u00fasica, en [&hellip;]<\/p>\n","protected":false},"author":1,"featured_media":3130,"parent":4357,"menu_order":2,"comment_status":"closed","ping_status":"closed","template":"","meta":{"_et_pb_use_builder":"","_et_pb_old_content":"","_et_gb_content_width":"","footnotes":""},"class_list":["post-4399","page","type-page","status-publish","has-post-thumbnail","hentry"],"_links":{"self":[{"href":"https:\/\/www.lartesana.org\/es\/wp-json\/wp\/v2\/pages\/4399","targetHints":{"allow":["GET"]}}],"collection":[{"href":"https:\/\/www.lartesana.org\/es\/wp-json\/wp\/v2\/pages"}],"about":[{"href":"https:\/\/www.lartesana.org\/es\/wp-json\/wp\/v2\/types\/page"}],"author":[{"embeddable":true,"href":"https:\/\/www.lartesana.org\/es\/wp-json\/wp\/v2\/users\/1"}],"replies":[{"embeddable":true,"href":"https:\/\/www.lartesana.org\/es\/wp-json\/wp\/v2\/comments?post=4399"}],"version-history":[{"count":8,"href":"https:\/\/www.lartesana.org\/es\/wp-json\/wp\/v2\/pages\/4399\/revisions"}],"predecessor-version":[{"id":9718,"href":"https:\/\/www.lartesana.org\/es\/wp-json\/wp\/v2\/pages\/4399\/revisions\/9718"}],"up":[{"embeddable":true,"href":"https:\/\/www.lartesana.org\/es\/wp-json\/wp\/v2\/pages\/4357"}],"wp:featuredmedia":[{"embeddable":true,"href":"https:\/\/www.lartesana.org\/es\/wp-json\/wp\/v2\/media\/3130"}],"wp:attachment":[{"href":"https:\/\/www.lartesana.org\/es\/wp-json\/wp\/v2\/media?parent=4399"}],"curies":[{"name":"wp","href":"https:\/\/api.w.org\/{rel}","templated":true}]}}