{"id":4397,"date":"2014-02-09T21:25:25","date_gmt":"2014-02-09T20:25:25","guid":{"rendered":"https:\/\/www.lartesana.org\/la-camarera\/"},"modified":"2025-11-05T12:00:00","modified_gmt":"2025-11-05T11:00:00","slug":"la-camarera","status":"publish","type":"page","link":"https:\/\/www.lartesana.org\/es\/la-sociedad\/la-camarera\/","title":{"rendered":"La Camarera de Santa Cecilia"},"content":{"rendered":"<p>A principios de los a\u00f1os 50 la Sociedad Musical L`Artesana no contaba con una imagen de Santa Cec\u00edlia propia, por lo cual cada mes de noviembre, D. Luis Bonora realizaba las gestiones oportunas con la sociedad musical Santa Cec\u00edlia de Sedav\u00ed para que su imagen presidiera los actos musicales en honor a nuestra patrona.<\/p>\n<p>La casualidad hizo que en 1956, coincidieron en la misma fecha de celebraci\u00f3n tanto la S.M. Santa Cec\u00edlia de Sedav\u00ed como la S.M. l`Artesana de Catarroja, por lo cual nuestra sociedad musical se vio privada de la presencia de la imagen. Este detalle no pas\u00f3 desapercibido para D. Luis Bonora, que junto con su esposa D\u00aa Amparo Navarro decidieron donar a la Sociedad, la imagen de Santa Cec\u00edlia que actualmente continuamos venerando.<\/p>\n<p><img loading=\"lazy\" decoding=\"async\" class=\"alignnone  wp-image-1272\" src=\"http:\/\/www.lartesana.org\/wp-content\/uploads\/2014\/02\/santa-cecilia-2011-751x1000.jpg\" alt=\"\" width=\"350\" height=\"466\" srcset=\"https:\/\/www.lartesana.org\/wp-content\/uploads\/2014\/02\/santa-cecilia-2011-751x1000.jpg 751w, https:\/\/www.lartesana.org\/wp-content\/uploads\/2014\/02\/santa-cecilia-2011.jpg 1049w\" sizes=\"(max-width: 350px) 100vw, 350px\" \/><\/p>\n<p>En agradecimiento a este gesto tan generoso de la familia Bonora-Navarro, la Sociedad otorg\u00f3 el t\u00edtulo de \u00abCamarera de Santa Cecilia\u00bb perpetua a D\u00aa. Amparo Navarro, la cual declin\u00f3 en su hija Amparo Bonora Navarro, que muy gustosamente accedi\u00f3 a ostentar con dignidad el t\u00edtulo otorgado y en 1957 fue la madrina en el acto de bendici\u00f3n de la imagen en la iglesia de San Miguel Arc\u00e1ngel.<\/p>\n<p>El a\u00f1o 1974, despu\u00e9s de la festividad de Santa Cec\u00edlia, Amparo Bonora Navarro tom\u00f3 la decisi\u00f3n de liberar a la Sociedad del compromiso que con ella hab\u00eda adquirido. De esta forma, ofreci\u00f3 la oportunidad a otras mujeres que sienten la misma simpat\u00eda y devoci\u00f3n por Santa Cec\u00edlia, de ostentar el cargo que hasta ese momento hab\u00eda sido solo suyo.<\/p>\n<p>A partir de 1975 empieza escribirse un nuevo cap\u00edtulo de nuestra historia, as\u00ed, desde ese a\u00f1o hasta nuestros d\u00edas, han sido Camareras de Santa Cec\u00edlia:<\/p>\n<p style=\"text-align: center;\"><a style=\"display: inline !important;\" href=\"http:\/\/www.lartesana.org\/wp-content\/uploads\/2014\/02\/camareras-1-de-4.jpg\"><img loading=\"lazy\" decoding=\"async\" class=\" wp-image-1259 \" src=\"http:\/\/www.lartesana.org\/wp-content\/uploads\/2014\/02\/camareras-1-de-4.jpg\" alt=\"Camareres de 1957 a 1979\" width=\"355\" height=\"382\" \/><\/a><\/p>\n<p>\u00a0 \u00a0 \u00a0 \u00a0 \u00a0 \u00a0 \u00a0 \u00a0 \u00a0 \u00a0 \u00a0 \u00a0 \u00a0 \u00a0 \u00a0 \u00a0 \u00a0 \u00a0<a href=\"http:\/\/www.lartesana.org\/wp-content\/uploads\/2014\/02\/camareras-2-de-4.jpg\"><img loading=\"lazy\" decoding=\"async\" class=\" wp-image-1260 alignleft\" src=\"http:\/\/www.lartesana.org\/wp-content\/uploads\/2014\/02\/camareras-2-de-4.jpg\" alt=\"camareras 2 de 4\" width=\"615\" height=\"380\" srcset=\"https:\/\/www.lartesana.org\/wp-content\/uploads\/2014\/02\/camareras-2-de-4.jpg 1465w, https:\/\/www.lartesana.org\/wp-content\/uploads\/2014\/02\/camareras-2-de-4-1000x617.jpg 1000w\" sizes=\"(max-width: 615px) 100vw, 615px\" \/><\/a><a href=\"http:\/\/www.lartesana.org\/wp-content\/uploads\/2014\/02\/camareras-3-de-4.jpg\"><img loading=\"lazy\" decoding=\"async\" class=\" wp-image-1261 alignleft\" src=\"http:\/\/www.lartesana.org\/wp-content\/uploads\/2014\/02\/camareras-3-de-4.jpg\" alt=\"camareras 3 de 4\" width=\"610\" height=\"393\" srcset=\"https:\/\/www.lartesana.org\/wp-content\/uploads\/2014\/02\/camareras-3-de-4.jpg 1454w, https:\/\/www.lartesana.org\/wp-content\/uploads\/2014\/02\/camareras-3-de-4-1000x643.jpg 1000w\" sizes=\"(max-width: 610px) 100vw, 610px\" \/><\/a><img loading=\"lazy\" decoding=\"async\" class=\"alignnone size-medium wp-image-1262\" src=\"http:\/\/www.lartesana.org\/wp-content\/uploads\/2014\/02\/camareras-4-de-4.jpg\" alt=\"\" width=\"1\" height=\"1\" \/><img loading=\"lazy\" decoding=\"async\" class=\"alignnone size-medium wp-image-1700\" src=\"http:\/\/www.lartesana.org\/wp-content\/uploads\/2015\/11\/fotos-Juana-convencion-0301.jpg\" alt=\"\" width=\"1\" height=\"1\" \/><\/p>\n<div id=\"attachment_5820\" style=\"width: 273px\" class=\"wp-caption alignnone\"><img loading=\"lazy\" decoding=\"async\" aria-describedby=\"caption-attachment-5820\" class=\"wp-image-5820\" src=\"https:\/\/www.lartesana.org\/wp-content\/uploads\/2024\/05\/Camarera-2013-Pepa-Caballero.jpg\" alt=\"\" width=\"263\" height=\"451\" \/><p id=\"caption-attachment-5820\" class=\"wp-caption-text\">2013 Pepa Caballero<\/p><\/div>\n<p style=\"text-align: left;\"><img loading=\"lazy\" decoding=\"async\" class=\"wp-image-2382 aligncenter\" src=\"http:\/\/www.lartesana.org\/wp-content\/uploads\/2021\/02\/fotos-Juana-convencion-0303-1000x890.jpg\" alt=\"\" width=\"518\" height=\"461\" srcset=\"https:\/\/www.lartesana.org\/wp-content\/uploads\/2021\/02\/fotos-Juana-convencion-0303-1000x890.jpg 1000w, https:\/\/www.lartesana.org\/wp-content\/uploads\/2021\/02\/fotos-Juana-convencion-0303-2000x1779.jpg 2000w, https:\/\/www.lartesana.org\/wp-content\/uploads\/2021\/02\/fotos-Juana-convencion-0303-768x683.jpg 768w, https:\/\/www.lartesana.org\/wp-content\/uploads\/2021\/02\/fotos-Juana-convencion-0303-1536x1367.jpg 1536w, https:\/\/www.lartesana.org\/wp-content\/uploads\/2021\/02\/fotos-Juana-convencion-0303-2048x1822.jpg 2048w, https:\/\/www.lartesana.org\/wp-content\/uploads\/2021\/02\/fotos-Juana-convencion-0303-180x160.jpg 180w\" sizes=\"(max-width: 518px) 100vw, 518px\" \/><\/p>\n<p>Juana Guillem, Camarera Sta. Cecilia, 2015<\/p>\n<div id=\"attachment_2110\" style=\"width: 527px\" class=\"wp-caption aligncenter\"><img loading=\"lazy\" decoding=\"async\" aria-describedby=\"caption-attachment-2110\" class=\" wp-image-2110\" src=\"http:\/\/www.lartesana.org\/wp-content\/uploads\/2017\/07\/DSC09313-e1501596255617-759x1000.jpg\" alt=\"\" width=\"517\" height=\"681\" srcset=\"https:\/\/www.lartesana.org\/wp-content\/uploads\/2017\/07\/DSC09313-e1501596255617-759x1000.jpg 759w, https:\/\/www.lartesana.org\/wp-content\/uploads\/2017\/07\/DSC09313-e1501596255617-768x1012.jpg 768w, https:\/\/www.lartesana.org\/wp-content\/uploads\/2017\/07\/DSC09313-e1501596255617.jpg 1096w\" sizes=\"(max-width: 517px) 100vw, 517px\" \/><p id=\"caption-attachment-2110\" class=\"wp-caption-text\">Isabel Vila, cambrera any 2017 i 2018.<\/p><\/div>\n<p><img loading=\"lazy\" decoding=\"async\" class=\"alignnone  wp-image-5829\" src=\"https:\/\/www.lartesana.org\/wp-content\/uploads\/2024\/05\/Camarera-Alicia_page-0001-1.jpg\" alt=\"\" width=\"318\" height=\"513\" \/><\/p>\n<p><em><strong>Alicia Valdueza, Cambrera Sta. Cecilia a\u00f1o 2019 y 2021<\/strong><\/em><\/p>\n<p><img loading=\"lazy\" decoding=\"async\" class=\"alignnone  wp-image-3010\" src=\"http:\/\/www.lartesana.org\/wp-content\/uploads\/2022\/12\/cambrera-2022-3.jpg\" alt=\"\" width=\"512\" height=\"890\" srcset=\"https:\/\/www.lartesana.org\/wp-content\/uploads\/2022\/12\/cambrera-2022-3.jpg 773w, https:\/\/www.lartesana.org\/wp-content\/uploads\/2022\/12\/cambrera-2022-3-575x1000.jpg 575w, https:\/\/www.lartesana.org\/wp-content\/uploads\/2022\/12\/cambrera-2022-3-768x1335.jpg 768w\" sizes=\"(max-width: 512px) 100vw, 512px\" \/><\/p>\n<p><strong><em>Marian Bellot, Camarera Santa Cecilia 2022 y 2023<\/em><\/strong><\/p>\n<div id=\"attachment_5943\" style=\"width: 472px\" class=\"wp-caption alignnone\"><img loading=\"lazy\" decoding=\"async\" aria-describedby=\"caption-attachment-5943\" class=\" wp-image-5943\" src=\"https:\/\/www.lartesana.org\/wp-content\/uploads\/2024\/05\/cambrera-2024-curta.jpg\" alt=\"\" width=\"462\" height=\"636\" \/><p id=\"caption-attachment-5943\" class=\"wp-caption-text\">Bego\u00f1a Marcos, Camarera Sta. Cecilia 2024 y 2025<\/p><\/div>\n<p><!--:--><\/p>\n","protected":false},"excerpt":{"rendered":"<p>A principios de los a\u00f1os 50 la Sociedad Musical L`Artesana no contaba con una imagen de Santa Cec\u00edlia propia, por lo cual cada mes de noviembre, D. Luis Bonora realizaba las gestiones oportunas con la sociedad musical Santa Cec\u00edlia de Sedav\u00ed para que su imagen presidiera los actos musicales en honor a nuestra patrona. La [&hellip;]<\/p>\n","protected":false},"author":1,"featured_media":5941,"parent":4335,"menu_order":5,"comment_status":"closed","ping_status":"closed","template":"","meta":{"_et_pb_use_builder":"off","_et_pb_old_content":"","_et_gb_content_width":"","footnotes":""},"class_list":["post-4397","page","type-page","status-publish","has-post-thumbnail","hentry"],"_links":{"self":[{"href":"https:\/\/www.lartesana.org\/es\/wp-json\/wp\/v2\/pages\/4397","targetHints":{"allow":["GET"]}}],"collection":[{"href":"https:\/\/www.lartesana.org\/es\/wp-json\/wp\/v2\/pages"}],"about":[{"href":"https:\/\/www.lartesana.org\/es\/wp-json\/wp\/v2\/types\/page"}],"author":[{"embeddable":true,"href":"https:\/\/www.lartesana.org\/es\/wp-json\/wp\/v2\/users\/1"}],"replies":[{"embeddable":true,"href":"https:\/\/www.lartesana.org\/es\/wp-json\/wp\/v2\/comments?post=4397"}],"version-history":[{"count":14,"href":"https:\/\/www.lartesana.org\/es\/wp-json\/wp\/v2\/pages\/4397\/revisions"}],"predecessor-version":[{"id":9729,"href":"https:\/\/www.lartesana.org\/es\/wp-json\/wp\/v2\/pages\/4397\/revisions\/9729"}],"up":[{"embeddable":true,"href":"https:\/\/www.lartesana.org\/es\/wp-json\/wp\/v2\/pages\/4335"}],"wp:featuredmedia":[{"embeddable":true,"href":"https:\/\/www.lartesana.org\/es\/wp-json\/wp\/v2\/media\/5941"}],"wp:attachment":[{"href":"https:\/\/www.lartesana.org\/es\/wp-json\/wp\/v2\/media?parent=4397"}],"curies":[{"name":"wp","href":"https:\/\/api.w.org\/{rel}","templated":true}]}}