{"id":4379,"date":"2012-03-15T20:16:39","date_gmt":"2012-03-15T19:16:39","guid":{"rendered":"https:\/\/www.lartesana.org\/el-director-del-coro\/"},"modified":"2024-05-07T15:24:07","modified_gmt":"2024-05-07T13:24:07","slug":"el-director-del-coro","status":"publish","type":"page","link":"https:\/\/www.lartesana.org\/es\/agrupaciones\/la-coral\/el-director-del-coro\/","title":{"rendered":"El Director del Coro"},"content":{"rendered":"<p><img loading=\"lazy\" decoding=\"async\" class=\"wp-image-5738 aligncenter\" src=\"https:\/\/www.lartesana.org\/wp-content\/uploads\/2024\/05\/Miguel-almarche_page-0001.jpg\" alt=\"\" width=\"299\" height=\"286\"><\/p>\n<p style=\"text-align: center;\"><strong><em>Director: Visente Almarche Pons<\/em><\/strong><\/p>\n<p align=\"JUSTIFY\"><span style=\"font-family: Arial, sans-serif;\"><span style=\"font-size: small;\">VISENTE<\/span><\/span><span style=\"font-family: Arial, sans-serif;\"><span style=\"font-size: small;\"> <\/span><\/span><span style=\"font-family: Arial, sans-serif;\"><span style=\"font-size: small;\">ALMARCHE<\/span><\/span><span style=\"font-family: Arial, sans-serif;\"><span style=\"font-size: small;\"> PONS nace en Catarroja en 1985. Inicia los estudios elementales de m\u00fasica <\/span><\/span><span style=\"font-family: Arial, sans-serif;\"><span style=\"font-size: small;\">a los seis a\u00f1os<\/span><\/span><span style=\"font-family: Arial, sans-serif;\"><span style=\"font-size: small;\">en la Societat Musical l&#8217;Artesana, donde estudia con Jos\u00e9 Manuel <\/span><\/span><span style=\"font-family: Arial, sans-serif;\"><span style=\"font-size: small;\">Mi\u00f1ana<\/span><\/span><span style=\"font-family: Arial, sans-serif;\"><span style=\"font-size: small;\"> <\/span><\/span><span style=\"font-family: Arial, sans-serif;\"><span style=\"font-size: small;\">Juan<\/span><\/span><span style=\"font-family: Arial, sans-serif;\"><span style=\"font-size: small;\">, Manuel Mateu i <\/span><\/span><span style=\"font-family: Arial, sans-serif;\"><span style=\"font-size: small;\">Francisco<\/span><\/span><span style=\"font-family: Arial, sans-serif;\"><span style=\"font-size: small;\"> <\/span><\/span><span style=\"font-family: Arial, sans-serif;\"><span style=\"font-size: small;\">Santos<\/span><\/span><span style=\"font-family: Arial, sans-serif;\"><span style=\"font-size: small;\">. Cursa el Grado Professional de M\u00fasica en la especialitat de tromb\u00f3n en el Conservatorio Professional de M\u00fasica de Catarroja, con los maestrosSr. Gabriel Sanchis, Sr. Salvador <\/span><\/span><span style=\"font-family: Arial, sans-serif;\"><span style=\"font-size: small;\">Tarras\u00f3<\/span><\/span><span style=\"font-family: Arial, sans-serif;\"><span style=\"font-size: small;\"> i Sr. Rafael <\/span><\/span><span style=\"font-family: Arial, sans-serif;\"><span style=\"font-size: small;\">Sanz<\/span><\/span><span style=\"font-family: Arial, sans-serif;\"><span style=\"font-size: small;\">. Continua cursando Grado Superior de tromb\u00f3n en el Conservatorio Superior \u00abSalvador Segu\u00ed\u00bb de Castell\u00f3n y finaliza la carrera al Conservatorio Superior \u00abOscar Espl\u00e0\u00bb de Alacante, con el maestro <\/span><\/span><span style=\"font-family: Arial, sans-serif;\"><span style=\"font-size: small;\">Fco<\/span><\/span><span style=\"font-family: Arial, sans-serif;\"><span style=\"font-size: small;\">. <\/span><\/span><span style=\"font-family: Arial, sans-serif;\"><span style=\"font-size: small;\">Javier<\/span><\/span><span style=\"font-family: Arial, sans-serif;\"><span style=\"font-size: small;\"> <\/span><\/span><span style=\"font-family: Arial, sans-serif;\"><span style=\"font-size: small;\">Garc\u00eda<\/span><\/span><span style=\"font-family: Arial, sans-serif;\"><span style=\"font-size: small;\">.<\/span><\/span><\/p>\n<p align=\"JUSTIFY\"><span style=\"font-family: Arial, sans-serif;\"><span style=\"font-size: small;\">Ha realizado cursos de perfeccionamiento de tromb\u00f3n con<\/span><\/span><span style=\"font-family: Arial, sans-serif;\"><span style=\"font-size: small;\">Juan<\/span><\/span><span style=\"font-family: Arial, sans-serif;\"><span style=\"font-size: small;\"> <\/span><\/span><span style=\"font-family: Arial, sans-serif;\"><span style=\"font-size: small;\">Bautista<\/span><\/span><span style=\"font-family: Arial, sans-serif;\"><span style=\"font-size: small;\"> <\/span><\/span><span style=\"font-family: Arial, sans-serif;\"><span style=\"font-size: small;\">Abad<\/span><\/span><span style=\"font-family: Arial, sans-serif;\"><span style=\"font-size: small;\">, Salvador <\/span><\/span><span style=\"font-family: Arial, sans-serif;\"><span style=\"font-size: small;\">Tarras\u00f3<\/span><\/span><span style=\"font-family: Arial, sans-serif;\"><span style=\"font-size: small;\">, <\/span><\/span><span style=\"font-family: Arial, sans-serif;\"><span style=\"font-size: small;\">Carlos<\/span><\/span><span style=\"font-family: Arial, sans-serif;\"><span style=\"font-size: small;\"> Gil, <\/span><\/span><span style=\"font-family: Arial, sans-serif;\"><span style=\"font-size: small;\">Enrique<\/span><\/span><span style=\"font-family: Arial, sans-serif;\"><span style=\"font-size: small;\"> <\/span><\/span><span style=\"font-family: Arial, sans-serif;\"><span style=\"font-size: small;\">Ferrando<\/span><\/span><span style=\"font-family: Arial, sans-serif;\"><span style=\"font-size: small;\">, Christian <\/span><\/span><span style=\"font-family: Arial, sans-serif;\"><span style=\"font-size: small;\">Lindberg<\/span><\/span><span style=\"font-family: Arial, sans-serif;\"><span style=\"font-size: small;\"> i <\/span><\/span><span style=\"font-family: Arial, sans-serif;\"><span style=\"font-size: small;\">Carlos<\/span><\/span><span style=\"font-family: Arial, sans-serif;\"><span style=\"font-size: small;\"> Climent; cursos de Musicoterapia con Salvador Blasco; y cursos de direcci\u00f3n de banda y coral con Ferrer Ferran, M\u00f2nica <\/span><\/span><span style=\"font-family: Arial, sans-serif;\"><span style=\"font-size: small;\">Perales<\/span><\/span><span style=\"font-family: Arial, sans-serif;\"><span style=\"font-size: small;\">, Salvador Sebasti\u00e0, entre otros.<\/span><\/span><\/p>\n<p align=\"JUSTIFY\"><span style=\"font-family: Arial, sans-serif;\"><span style=\"font-size: small;\"><br \/>\n<\/span><\/span><span style=\"font-family: Arial, sans-serif;\"><span style=\"font-size: small;\">Com docent ha sido professor de tromb\u00f3n y bombard\u00edno en diferents centros de m\u00fasica de la Comunitat Valenciana. Ha sido director de la Coral-Rondalla del <\/span><\/span><span style=\"font-family: Arial, sans-serif;\"><span style=\"font-size: small;\">CEAM<\/span><\/span><span style=\"font-family: Arial, sans-serif;\"><span style=\"font-size: small;\"> de Catarroja, director de la Coral de Canyamelar (Val\u00e8ncia), y de la Coral Rondalla del Barri Cam\u00ed la S\u00e9nia de Torrent durante catorce a\u00f1os como director. Tambi\u00e9n fue director de l&#8217;Escola de M\u00fasica de la Banda Primitiva de <\/span><\/span><span style=\"font-family: Arial, sans-serif;\"><span style=\"font-size: small;\">Benetussery <\/span><\/span><span style=\"font-family: Arial, sans-serif;\"><span style=\"font-size: small;\">director de su Banda Juvenil.<\/span><\/span><\/p>\n<p align=\"JUSTIFY\"><span style=\"font-family: Arial, sans-serif;\"><span style=\"font-size: small;\">Es socio y miembro de la SGAE (Sociedad General de Autores y Editores); como compositor ha realizado diferentes composiciones de m\u00fasica para diversas agrupaciones musicales.<\/span><\/span><\/p>\n<p align=\"JUSTIFY\"><span style=\"font-family: Arial, sans-serif;\"><span style=\"font-size: small;\">Actualment es director de la Coral-Rondalla del <\/span><\/span><span style=\"font-family: Arial, sans-serif;\"><span style=\"font-size: small;\">CEAM<\/span><\/span><span style=\"font-family: Arial, sans-serif;\"><span style=\"font-size: small;\"> del Cabanyal (Val\u00e8ncia), es profesor de tromb\u00f3n y lenguage musical en l&#8217;Escola de M\u00fasica de la Societat Musical l&#8217;Artesana y director de la \u00abCoral Juvenil Antonio Claverol\u00bb de esta sociedad, es professor de tromb\u00f3n, bombardo y tuba en Escola de M\u00fasica La Vall, dirigiendo tambi\u00e9n la Massa Coral de <\/span><\/span><span style=\"font-family: Arial, sans-serif;\"><span style=\"font-size: small;\">Minglanilla<\/span><\/span><span style=\"font-family: Arial, sans-serif;\"><span style=\"font-size: small;\"> (Cuenca) y la Coral Sant <\/span><\/span><span style=\"font-family: Arial, sans-serif;\"><span style=\"font-size: small;\">Blas<\/span><\/span><span style=\"font-family: Arial, sans-serif;\"><span style=\"font-size: small;\"> de <\/span><\/span><span style=\"font-family: Arial, sans-serif;\"><span style=\"font-size: small;\">Teresa de Cofrentes<\/span><\/span><span style=\"font-family: Arial, sans-serif;\"><span style=\"font-size: small;\">. Organiza y dirige 13 a\u00f1os un Campamento Musical para ni\u00f1os y ni\u00f1as de la Societat Musical l\u2019Artesana, y es Sargento Militar M\u00fasico Reservista en la especialidad de Tromb\u00f3n.<\/span><\/span><\/p>\n<p><!--:--><\/p>\n","protected":false},"excerpt":{"rendered":"<p>Director: Visente Almarche Pons VISENTE ALMARCHE PONS nace en Catarroja en 1985. Inicia los estudios elementales de m\u00fasica a los seis a\u00f1osen la Societat Musical l&#8217;Artesana, donde estudia con Jos\u00e9 Manuel Mi\u00f1ana Juan, Manuel Mateu i Francisco Santos. Cursa el Grado Professional de M\u00fasica en la especialitat de tromb\u00f3n en el Conservatorio Professional de M\u00fasica [&hellip;]<\/p>\n","protected":false},"author":1,"featured_media":2509,"parent":4375,"menu_order":2,"comment_status":"closed","ping_status":"closed","template":"","meta":{"_et_pb_use_builder":"","_et_pb_old_content":"","_et_gb_content_width":"","footnotes":""},"class_list":["post-4379","page","type-page","status-publish","has-post-thumbnail","hentry"],"_links":{"self":[{"href":"https:\/\/www.lartesana.org\/es\/wp-json\/wp\/v2\/pages\/4379","targetHints":{"allow":["GET"]}}],"collection":[{"href":"https:\/\/www.lartesana.org\/es\/wp-json\/wp\/v2\/pages"}],"about":[{"href":"https:\/\/www.lartesana.org\/es\/wp-json\/wp\/v2\/types\/page"}],"author":[{"embeddable":true,"href":"https:\/\/www.lartesana.org\/es\/wp-json\/wp\/v2\/users\/1"}],"replies":[{"embeddable":true,"href":"https:\/\/www.lartesana.org\/es\/wp-json\/wp\/v2\/comments?post=4379"}],"version-history":[{"count":1,"href":"https:\/\/www.lartesana.org\/es\/wp-json\/wp\/v2\/pages\/4379\/revisions"}],"predecessor-version":[{"id":5741,"href":"https:\/\/www.lartesana.org\/es\/wp-json\/wp\/v2\/pages\/4379\/revisions\/5741"}],"up":[{"embeddable":true,"href":"https:\/\/www.lartesana.org\/es\/wp-json\/wp\/v2\/pages\/4375"}],"wp:featuredmedia":[{"embeddable":true,"href":"https:\/\/www.lartesana.org\/es\/wp-json\/wp\/v2\/media\/2509"}],"wp:attachment":[{"href":"https:\/\/www.lartesana.org\/es\/wp-json\/wp\/v2\/media?parent=4379"}],"curies":[{"name":"wp","href":"https:\/\/api.w.org\/{rel}","templated":true}]}}