{"id":4373,"date":"2012-03-15T20:12:27","date_gmt":"2012-03-15T19:12:27","guid":{"rendered":"https:\/\/www.lartesana.org\/el-director-2\/"},"modified":"2024-09-24T15:32:39","modified_gmt":"2024-09-24T13:32:39","slug":"el-director-2","status":"publish","type":"page","link":"https:\/\/www.lartesana.org\/es\/agrupaciones\/la-banda-jove-mestre-tarin\/el-director-2\/","title":{"rendered":"El Director"},"content":{"rendered":"<p><img loading=\"lazy\" decoding=\"async\" class=\"wp-image-7553 aligncenter\" src=\"https:\/\/www.lartesana.org\/wp-content\/uploads\/2024\/09\/MAlmarche1-scaled.jpg\" alt=\"\" width=\"286\" height=\"382\"><\/p>\n<p><span style=\"color: #222222;\"><span style=\"font-size: medium;\"><span style=\"font-family: Arial, Helvetica, sans-serif;\"><strong>Director:<\/strong> <em>Miguel Almarche Pons (1985)<\/em><\/span><\/span><\/span><\/p>\n<p align=\"JUSTIFY\"><span style=\"font-family: Arial, sans-serif;\"><span style=\"font-size: small;\">Empieza con 7 a\u00f1os sus estudios musicales en la Escuela de M\u00fasica l\u2019Artesana de Catarroja en la especialidad de Tuba. Continua sus estudios en el Conservatorio Profesional \u201cJos\u00e9 Manuel Izquierdo \u201cde Catarroja y finaliza sus estudios en el Conservatorio Superior \u201cJoaqu\u00edn Rodrigo\u201d de Valencia. <\/span><\/span><\/p>\n<p align=\"JUSTIFY\"><span style=\"font-family: Arial, sans-serif;\"><span style=\"font-size: small;\">Ha colaborado como instrumentista con diferentes bandas de la Comunidad Valenciana obteniendo 4 primeros premios y realizando conciertos por Espa\u00f1a y Europa.<\/span><\/span><\/p>\n<p align=\"JUSTIFY\"><span style=\"font-family: Arial, sans-serif;\"><span style=\"font-size: small;\">Como profesor ha impartido clases de Tuba, Bombard\u00edno, Lenguaje Musical y Conjunto Instrumental en diferentes escuelas de m\u00fasica de Benet\u00fasser, Catarroja y Massanassa, a su vez, ha sido director de la escuela de m\u00fasica de l\u2019Artesana de Catarroja. Posee estudios de Percusi\u00f3n, Musicoterapia, M\u00e1ster de Educaci\u00f3n Secundaria y M\u00e1ster en Investigaci\u00f3n Musical.  <\/span><\/span><\/p>\n<p align=\"JUSTIFY\"><span style=\"font-family: Arial, sans-serif;\"><span style=\"font-size: small;\">Es el primer Tuba en el rango de Sargento Primero Reservista Voluntario de las Fuerzas Armadas de Espa\u00f1a, siendo activado en la Unidad de M\u00fasica del Acuartelamiento Militar del Aire MACAN de Las Palmas de Gran Canaria. <\/span><\/span><\/p>\n<p align=\"JUSTIFY\"><span style=\"font-family: Arial, sans-serif;\"><span style=\"font-size: small;\">En la direcci\u00f3n, ha cursado 1\u00ba y 2\u00ba Curso de Direcci\u00f3n de Banda con el prestigioso director y compositor Ferrer Ferran en la Academia Allegro de Valencia centro adherido a la Royal Academy of Music de Londres.<\/span><\/span><\/p>\n<p align=\"JUSTIFY\"><span style=\"font-family: Arial, sans-serif;\"><span style=\"font-size: small;\">Ha realizado cursos de perfeccionamiento con Andr\u00e9s Valero, Teo Aparicio, Ferrer Ferran, Jos\u00e9 Rafael Pascual Vilaplana, Rafael Garrig\u00f3s, Vicente Soler, y los m\u00e1s recientes con Marcel Ortega, director de la Banda Municipal de Castell\u00f3n, en que ha tenido la oportunidad de dirigir la Banda y la Coral del Conservatorio Superior de M\u00fasica \u201cSalvador Segu\u00ed\u201d de Castell\u00f3n y la Banda Municipal de Castell\u00f3n. Tambi\u00e9n asiste recientemente a un curso de repertorio musical para bandas de m\u00fasica, impartido por el maestro belga Frank de Vuyst. <\/span><\/span><\/p>\n<p align=\"JUSTIFY\"><span style=\"font-family: Arial, sans-serif;\"><span style=\"font-size: small;\">Pertenece al cuerpo de profesores interinos Profesionales y Catedr\u00e1ticos de la Consejer\u00eda de Educaci\u00f3n de la Generalitat Valenciana, donde ha impartido clases en el Conservatorio Superior \u201c\u00d3scar Espl\u00e1\u201d de Alicante, Conservatorio Profesional de M\u00fasica de Torrente, Conservatorio Profesional de M\u00fasica n\u00ba 2 de Valencia, Conservatorio Superior de M\u00fasica \u201cJoaqu\u00edn Rodrigo\u201d de Valencia y en el Conservatorio Profesional de M\u00fasica \u201cRafael Talens\u201d de Cullera.  <\/span><\/span><\/p>\n<p align=\"JUSTIFY\"><span style=\"font-family: Arial, sans-serif;\"><span style=\"font-size: small;\">Actualmente imparte clase de Tuba, Instrumento Af\u00edn y Repertorio Orquestal en el Conservatorio Superior de M\u00fasica \u201cSalvador Segu\u00ed\u201d de Castell\u00f3n. Tambi\u00e9n es director de la Banda Jove \u201cMestre Tar\u00edn\u201d de l\u2019Artesana de Catarroja, y es profesor de Tuba, Bombardino de la misma, compaginando todo ello con la direcci\u00f3n art\u00edstica y musical de la Asociaci\u00f3n M\u00fasico-Cultural \u201cCiudad de Utiel\u201d desde el a\u00f1o 2017. <\/span><\/span><span style=\"font-family: Arial, sans-serif;\"><span style=\"font-size: small;\">art\u00edstica y musical de la Asociaci\u00f3n M\u00fasico-Cultural \u201cCiudad de Utiel\u201d desde l&#8217;any 2017.<\/span><\/span><\/p>\n","protected":false},"excerpt":{"rendered":"<p>Director: Miguel Almarche Pons (1985) Empieza con 7 a\u00f1os sus estudios musicales en la Escuela de M\u00fasica l\u2019Artesana de Catarroja en la especialidad de Tuba. Continua sus estudios en el Conservatorio Profesional \u201cJos\u00e9 Manuel Izquierdo \u201cde Catarroja y finaliza sus estudios en el Conservatorio Superior \u201cJoaqu\u00edn Rodrigo\u201d de Valencia. Ha colaborado como instrumentista con diferentes [&hellip;]<\/p>\n","protected":false},"author":1,"featured_media":2434,"parent":4369,"menu_order":2,"comment_status":"closed","ping_status":"closed","template":"","meta":{"_et_pb_use_builder":"","_et_pb_old_content":"","_et_gb_content_width":"","footnotes":""},"class_list":["post-4373","page","type-page","status-publish","has-post-thumbnail","hentry"],"_links":{"self":[{"href":"https:\/\/www.lartesana.org\/es\/wp-json\/wp\/v2\/pages\/4373","targetHints":{"allow":["GET"]}}],"collection":[{"href":"https:\/\/www.lartesana.org\/es\/wp-json\/wp\/v2\/pages"}],"about":[{"href":"https:\/\/www.lartesana.org\/es\/wp-json\/wp\/v2\/types\/page"}],"author":[{"embeddable":true,"href":"https:\/\/www.lartesana.org\/es\/wp-json\/wp\/v2\/users\/1"}],"replies":[{"embeddable":true,"href":"https:\/\/www.lartesana.org\/es\/wp-json\/wp\/v2\/comments?post=4373"}],"version-history":[{"count":4,"href":"https:\/\/www.lartesana.org\/es\/wp-json\/wp\/v2\/pages\/4373\/revisions"}],"predecessor-version":[{"id":7557,"href":"https:\/\/www.lartesana.org\/es\/wp-json\/wp\/v2\/pages\/4373\/revisions\/7557"}],"up":[{"embeddable":true,"href":"https:\/\/www.lartesana.org\/es\/wp-json\/wp\/v2\/pages\/4369"}],"wp:featuredmedia":[{"embeddable":true,"href":"https:\/\/www.lartesana.org\/es\/wp-json\/wp\/v2\/media\/2434"}],"wp:attachment":[{"href":"https:\/\/www.lartesana.org\/es\/wp-json\/wp\/v2\/media?parent=4373"}],"curies":[{"name":"wp","href":"https:\/\/api.w.org\/{rel}","templated":true}]}}