{"id":4371,"date":"2012-03-15T20:11:34","date_gmt":"2012-03-15T19:11:34","guid":{"rendered":"https:\/\/www.lartesana.org\/conoce-la-banda-jove-mestre-tarin\/"},"modified":"2024-05-06T14:08:53","modified_gmt":"2024-05-06T12:08:53","slug":"conoce-la-banda-jove-mestre-tarin","status":"publish","type":"page","link":"https:\/\/www.lartesana.org\/es\/agrupaciones\/la-banda-jove-mestre-tarin\/conoce-la-banda-jove-mestre-tarin\/","title":{"rendered":"Conoce la Banda Jove Mestre Tar\u00edn"},"content":{"rendered":"<p><img loading=\"lazy\" decoding=\"async\" class=\"wp-image-5654 aligncenter\" src=\"https:\/\/www.lartesana.org\/wp-content\/uploads\/2024\/05\/BANDA-JO-VE-EDUARDO-TARIN-2023.jpg\" alt=\"\" width=\"640\" height=\"321\"><\/p>\n<p>Fundada en 1983, con la intenci\u00f3n de que fuera una cantera musical de la Banda Sinf\u00f3nica L&#8217;Artesana, con el <a href=\"https:\/\/www.facebook.com\/watch\/?v=1171220157156596&amp;ref=sharing\">Director D. Eduardo Tar\u00edn Ruiz<\/a>.<\/p>\n<p>Durante toda su trayectoria inicial cabe destacar numerosos premios obtenidos, entre ellos el m\u00e1s importante fue el 1er Premio obtenido en la Secci\u00f3n de Bandss Juveniles del Certamen de la Fira de Juliol de Val\u00e8ncia. A ellos hay que sumar un 3er i un 2\u00ba Premio conseguido anteriormente.<\/p>\n<p>Tambien cabe destacar en esta \u00e9poca el gran numero de conciertos y festivales realizados por toda la Comunitat Valenciana.<br \/>\nTras un periodo de tiempo la Banda Juvenil desapareci\u00f3, volvi\u00e9ndola a rescatar el Director, D. Jos\u00e9 Manuel Mi\u00f1ana Juan, en el a\u00f1o 1994, con tan s\u00f3lo11 m\u00fasicos, que dos a\u00f1os despu\u00e9s llegaron a competir en las semifinales del prestigioso concurso de TVE Veo, Veo, actuando en el Palau de la M\u00fasica con gran \u00e9xito.<br \/>\nPor \u00faltimo, destacar que nuestra banda juvenil obtuvo el Segundo premio en el II Certamen de Bandes Juvenils \u00abVila D&#8217;Alc\u00e0sser\u00bb, celebrado el d\u00eda 29 de junio de 2013.<\/p>\n<p>A\u00f1os despu\u00e9s han dirigido la Banda Juvenil, Francisco Miguel Moreno Chirivella, Jos\u00e9 Angel Zahonero, Pascual Peris, David Nacher Ram\u00f3n i, en la actualidad, Miguel Almarche. A diciembre de de 2022, se rindi\u00f3 homenaje a su director fundador D. Eduardo Tar\u00edn<a href=\"http:\/\/www.lartesana.org\/banda-jove-eduardo-tarin\/?lang=es\"> homenatge al seu director fundador D. Eduardo Tar\u00edn<\/a> y la Junta Directiva de la S.M. l&#8217;Artesana acord\u00f3 que la banda pasar\u00eda a denominarse \u00abBanda Jove Mestre Tar\u00edn\u00bb. En la actualidad forman parte de la Banda Jove m\u00e1s de 70 m\u00fasicoas, con una media de edad de 16 a\u00f1os.<\/p>\n","protected":false},"excerpt":{"rendered":"<p>[:es]Co<\/p>\n","protected":false},"author":1,"featured_media":5655,"parent":4369,"menu_order":1,"comment_status":"closed","ping_status":"closed","template":"","meta":{"_et_pb_use_builder":"","_et_pb_old_content":"","_et_gb_content_width":"","footnotes":""},"class_list":["post-4371","page","type-page","status-publish","has-post-thumbnail","hentry"],"_links":{"self":[{"href":"https:\/\/www.lartesana.org\/es\/wp-json\/wp\/v2\/pages\/4371","targetHints":{"allow":["GET"]}}],"collection":[{"href":"https:\/\/www.lartesana.org\/es\/wp-json\/wp\/v2\/pages"}],"about":[{"href":"https:\/\/www.lartesana.org\/es\/wp-json\/wp\/v2\/types\/page"}],"author":[{"embeddable":true,"href":"https:\/\/www.lartesana.org\/es\/wp-json\/wp\/v2\/users\/1"}],"replies":[{"embeddable":true,"href":"https:\/\/www.lartesana.org\/es\/wp-json\/wp\/v2\/comments?post=4371"}],"version-history":[{"count":1,"href":"https:\/\/www.lartesana.org\/es\/wp-json\/wp\/v2\/pages\/4371\/revisions"}],"predecessor-version":[{"id":5658,"href":"https:\/\/www.lartesana.org\/es\/wp-json\/wp\/v2\/pages\/4371\/revisions\/5658"}],"up":[{"embeddable":true,"href":"https:\/\/www.lartesana.org\/es\/wp-json\/wp\/v2\/pages\/4369"}],"wp:featuredmedia":[{"embeddable":true,"href":"https:\/\/www.lartesana.org\/es\/wp-json\/wp\/v2\/media\/5655"}],"wp:attachment":[{"href":"https:\/\/www.lartesana.org\/es\/wp-json\/wp\/v2\/media?parent=4371"}],"curies":[{"name":"wp","href":"https:\/\/api.w.org\/{rel}","templated":true}]}}