{"id":4367,"date":"2012-03-15T20:04:25","date_gmt":"2012-03-15T19:04:25","guid":{"rendered":"https:\/\/www.lartesana.org\/el-director\/"},"modified":"2024-09-12T13:01:55","modified_gmt":"2024-09-12T11:01:55","slug":"el-director","status":"publish","type":"page","link":"https:\/\/www.lartesana.org\/es\/agrupaciones\/la-orquesta\/el-director\/","title":{"rendered":"El Director de la Orquesta"},"content":{"rendered":"\n<figure class=\"wp-block-image alignright size-full is-resized\"><img loading=\"lazy\" decoding=\"async\" width=\"1600\" height=\"1068\" src=\"https:\/\/www.lartesana.org\/wp-content\/uploads\/2024\/09\/Albert-Gonzalvez-portrait.jpeg\" alt=\"\" class=\"wp-image-7367\" style=\"width:268px;height:auto\" srcset=\"https:\/\/www.lartesana.org\/wp-content\/uploads\/2024\/09\/Albert-Gonzalvez-portrait.jpeg 1600w, https:\/\/www.lartesana.org\/wp-content\/uploads\/2024\/09\/Albert-Gonzalvez-portrait-1280x854.jpeg 1280w, https:\/\/www.lartesana.org\/wp-content\/uploads\/2024\/09\/Albert-Gonzalvez-portrait-980x654.jpeg 980w, https:\/\/www.lartesana.org\/wp-content\/uploads\/2024\/09\/Albert-Gonzalvez-portrait-480x320.jpeg 480w\" sizes=\"(min-width: 0px) and (max-width: 480px) 480px, (min-width: 481px) and (max-width: 980px) 980px, (min-width: 981px) and (max-width: 1280px) 1280px, (min-width: 1281px) 1600px, 100vw\" \/><figcaption class=\"wp-element-caption\">El director <strong>Albert Gonz\u00e1lvez Card\u00f3s<\/strong><\/figcaption><\/figure>\n\n\n\n<p><strong>El director de orquesta espa\u00f1ol Albert Gonz\u00e1lvez Card\u00f3s estudi\u00f3 en la Universit\u00e4t Mozarteum direcci\u00f3n de orquesta, coro y banda con Jorge Roter, Karl Kamper y con Jorge MartinFuchsberger. Amplia sus estudios de direcci\u00f3n de orquesta en la Universit\u00e4t f\u00fcr Musik und darstellende Kunst de Viena con los profesores Johannes Wildner y Simeon Pironkoff. Anteriormente estudi\u00f3 piano y direcci\u00f3n de orquesta en el Conservatorio Joaqu\u00edn Rodrigo de Valencia con Manuel Galduf y<br>Pilar Va\u00f1\u00f3, obteniendo el premio especial fin de carrera en direcci\u00f3n. Actualmente estudia el<br>grado en Bellas Artes en la Universidad Polit\u00e9cnica de Valencia.<\/strong><\/p>\n\n\n\n<p><strong><br>En sus a\u00f1os de residencia en Viena fue director de los coros \u00abHarmonie 1865 Chor\u00bb, \u2018\u2019Jung Wien\u2019\u2019 y del \u00abChorgemeinschaft Obersiebenbrunn\u00b4\u00b4. Actualmente es director musical en la uni\u00f3n musical \u00abL\u2019Entusiasta de Benifair\u00f3\u00b4\u00b4. Ha sido director invitado del festival Opern im Berg de Salzburgo, dirigiendo la producci\u00f3n anual de Die Zauberfl\u00f6te. En esta ciudad, Gonz\u00e1lvez colabora en la producci\u00f3n de La Clemenza di Tito del Festival de Salzburgo en julio y agosto de 2017, con el maestro Teodor Currentzis y Peter Sellars. Repite esta experiencia en 2018 en la producci\u00f3n de L&#8217;italiana en Argel con el maestro Jean Fran\u00e7ois Spinose y Cecilia   Bartoli. Tambi\u00e9n ha dirigido la orquesta de Valencia en el festival de verano &#8216;Serenates al Claustre&#8217;. <\/strong><\/p>\n\n\n\n<p><strong>Recientemente ha sido invitado a dirigir la Bad Reichenhall Philarmonie de Alemania, la Orquesta la Orquesta ProArte de Viena y la Orquesta de la \u00d3pera Estatal de Hungr\u00eda.<br><br>Sus inquietudes interpretativas le llevan a abordar todo tipo de repertorio, desde el oper\u00edstico hasta el contempor\u00e1neo, tanto dentro de la tradici\u00f3n cl\u00e1sica orquestal y como coral.<br>Ha realizado varios cursos de especializaci\u00f3n en direcci\u00f3n orquestal, como los organizados por la Mozarteum Sommer Akkademie de Salzburgo con los profesores Peter G\u00fclke y Bruno Weil, con el maestro Bruno Aprea en colaboraci\u00f3n con la Joven Orquesta Leonesa, en los organizados por la Musik Hochschule de Weimar con el profesor Nicol\u00e1s Pasquet, y tambi\u00e9n<br>con el director espa\u00f1ol Antoni Ros Marb\u00e1.<\/strong><\/p>\n\n\n\n<p><strong>Fue asistente de la Jove Orquestra de la Generalitat, trabajando con el director Manuel Galduf. Tambi\u00e9n colabora como director asistente con el Grup Mixtour en el estreno en Espa\u00f1a de la obra i<\/strong><strong><em>n vain<\/em><\/strong><strong> de G.F. Haas, bajo la direcci\u00f3n de Pablo Rus Broseta. Asimismo, dirige su obra Still, para viola solista y orquesta de cuerda. Es miembro fundador y director art\u00edstico del Ensemble Palau, grupo de j\u00f3venes m\u00fasicos interesados en profundizar en el repertorio camer\u00edstico , que aborda diferentes est\u00e9ticas y estilos, desde el Barroco hasta el siglo XXI.<\/strong><\/p>\n\n\n\n<p><strong>Y desde septiembre de 2024 es director titular de la Orquesta Filarm\u00f3nica de la Societat Musical l&#8217;Artesana de Catarroja.<\/strong><\/p>\n","protected":false},"excerpt":{"rendered":"<p>El director de orquesta espa\u00f1ol Albert Gonz\u00e1lvez Card\u00f3s estudi\u00f3 en la Universit\u00e4t Mozarteum direcci\u00f3n de orquesta, coro y banda con Jorge Roter, Karl Kamper y con Jorge MartinFuchsberger. Amplia sus estudios de direcci\u00f3n de orquesta en la Universit\u00e4t f\u00fcr Musik und darstellende Kunst de Viena con los profesores Johannes Wildner y Simeon Pironkoff. Anteriormente estudi\u00f3 [&hellip;]<\/p>\n","protected":false},"author":1,"featured_media":7367,"parent":4363,"menu_order":2,"comment_status":"closed","ping_status":"closed","template":"","meta":{"_et_pb_use_builder":"","_et_pb_old_content":"","_et_gb_content_width":"","footnotes":""},"class_list":["post-4367","page","type-page","status-publish","has-post-thumbnail","hentry"],"_links":{"self":[{"href":"https:\/\/www.lartesana.org\/es\/wp-json\/wp\/v2\/pages\/4367","targetHints":{"allow":["GET"]}}],"collection":[{"href":"https:\/\/www.lartesana.org\/es\/wp-json\/wp\/v2\/pages"}],"about":[{"href":"https:\/\/www.lartesana.org\/es\/wp-json\/wp\/v2\/types\/page"}],"author":[{"embeddable":true,"href":"https:\/\/www.lartesana.org\/es\/wp-json\/wp\/v2\/users\/1"}],"replies":[{"embeddable":true,"href":"https:\/\/www.lartesana.org\/es\/wp-json\/wp\/v2\/comments?post=4367"}],"version-history":[{"count":5,"href":"https:\/\/www.lartesana.org\/es\/wp-json\/wp\/v2\/pages\/4367\/revisions"}],"predecessor-version":[{"id":7371,"href":"https:\/\/www.lartesana.org\/es\/wp-json\/wp\/v2\/pages\/4367\/revisions\/7371"}],"up":[{"embeddable":true,"href":"https:\/\/www.lartesana.org\/es\/wp-json\/wp\/v2\/pages\/4363"}],"wp:featuredmedia":[{"embeddable":true,"href":"https:\/\/www.lartesana.org\/es\/wp-json\/wp\/v2\/media\/7367"}],"wp:attachment":[{"href":"https:\/\/www.lartesana.org\/es\/wp-json\/wp\/v2\/media?parent=4367"}],"curies":[{"name":"wp","href":"https:\/\/api.w.org\/{rel}","templated":true}]}}