{"id":4365,"date":"2012-03-15T20:00:22","date_gmt":"2012-03-15T19:00:22","guid":{"rendered":"https:\/\/www.lartesana.org\/conoce-la-orquesta\/"},"modified":"2025-03-14T12:30:41","modified_gmt":"2025-03-14T11:30:41","slug":"conoce-la-orquesta","status":"publish","type":"page","link":"https:\/\/www.lartesana.org\/es\/agrupaciones\/la-orquesta\/conoce-la-orquesta\/","title":{"rendered":"Conoce la Orquesta"},"content":{"rendered":"<p><img loading=\"lazy\" decoding=\"async\" class=\"alignnone size-full wp-image-8106\" src=\"https:\/\/www.lartesana.org\/wp-content\/uploads\/2025\/03\/orquestra-apaisada-402664161_845725857558050_6468028448159056922_n.jpg\" alt=\"\" width=\"2025\" height=\"945\" srcset=\"https:\/\/www.lartesana.org\/wp-content\/uploads\/2025\/03\/orquestra-apaisada-402664161_845725857558050_6468028448159056922_n.jpg 2025w, https:\/\/www.lartesana.org\/wp-content\/uploads\/2025\/03\/orquestra-apaisada-402664161_845725857558050_6468028448159056922_n-1280x597.jpg 1280w, https:\/\/www.lartesana.org\/wp-content\/uploads\/2025\/03\/orquestra-apaisada-402664161_845725857558050_6468028448159056922_n-980x457.jpg 980w, https:\/\/www.lartesana.org\/wp-content\/uploads\/2025\/03\/orquestra-apaisada-402664161_845725857558050_6468028448159056922_n-480x224.jpg 480w\" sizes=\"(min-width: 0px) and (max-width: 480px) 480px, (min-width: 481px) and (max-width: 980px) 980px, (min-width: 981px) and (max-width: 1280px) 1280px, (min-width: 1281px) 2025px, 100vw\" \/><\/p>\n<p>La presentaci\u00f3n y primer concierto de la Orquesta de l\u00b4Artesana fue el dia 2 de Julio de 1994 bajo la direcci\u00f3n del Maestro \u2013 Fundador D. Jos\u00e9 Manuel Mi\u00f1ana Juan, que durante los a\u00f1os 1995 y 1996 realiz\u00f3 diversos\u00a0conciertos\u00a0en el sede de la Sociedad y en la Casa de la Cultura de Catarroja.<\/p>\n<p>En los a\u00f1os 1996 y 1997, la dirige D. Jos\u00e9 Angel Zahonero, quien continu\u00f3 cosechando\u00a0triunfos\u00a0de nuestra Orquesta, pasando a augmentar el n\u00famero de m\u00fasicos en la plantilla.<br \/>\nYa eN el a\u00f1o 1998 y bajo la batuta de D. Lamberto Olmos Saturnino realiz\u00f3 magn\u00edficos\u00a0conciertos, se ha de destacar el\u00a0concierto\u00a0en la iglesia de San Miguel.<br \/>\nEn el a\u00f1o 2001 y\u00a0siendo\u00a0director de la Orquesta D. Pascual Peris Chirivella, se\u00a0realizaron\u00a0conciertos\u00a0como:\u00a0Concierto-Homenaje\u00a0a la Camarera del a\u00f1o 2000,\u00a0Concierto\u00a0de la M\u00fasica Valenciana y\u00a0Concierto\u00a0del \u00abRetrobem la Nostra M\u00fasica\u00bb.<br \/>\nEn el\u00a0siguiente\u00a0a\u00f1o, el 2002, se realizaron los siguientes conciertos:\u00a0Concierto\u00a0de Reyes,\u00a0Concierto\u00a0dedicado a los Socios de la entidad y\u00a0Concierto\u00a0en las Fiestas de Santa Cecilia.<br \/>\nDesde Julio del a\u00f1o 2003 bajo la Direcci\u00f3n de D. Josep Mart\u00ed Juan, la Orquesta aument\u00f3 considerablemente la plantilla llegando a los 50 m\u00fasicos y, se\u00a0impartieron\u00a0dos Cursos de La Orquesta en Piles i Ll\u00edria.<br \/>\nDesde Noviembre de 2005 hasta agosto de 2.013 tuvo como director a D. Miguel Morella Jim\u00e9nez.. El 26 de mayo de 2012, la orquesta sinf\u00f3nica de l`Artesana, intervino como orquesta invitada para clausurar la 36 edici\u00f3n del Certamen Provincial de Bandas de M\u00fasica de Valencia.<\/p>\n<p><span style=\"color: #000000;\"><span style=\"font-size: small;\">Desde octubre de 2013, hasta septiembre de 2023 estuvo dirigida por D. Ximo Arias Bot\u00edas, director que dio un gran impulso a la formaci\u00f3n, actuando en distinto lugares de la Comunidad Valenciana y llegando a ser premiada en el II Concurso Bankia de Orquestas de la Comunidad Valenciana el 2018. <\/span><\/span><\/p>\n<p><span style=\"color: #000000;\"><span style=\"font-size: small;\">En el a\u00f1o 2024 estuvo dirigida por D. Mario Torres Mas.<\/span><\/span><\/p>\n<p><strong>Actualmente y desde septiembre de 2024, la orquesta a pasado a ser dirigida por<\/strong> <span style=\"color: #000000;\"><span style=\"font-size: small;\"><a href=\"https:\/\/www.lartesana.org\/agrupaciones\/orquestra\/director\/\">D. Albert Gonz\u00e1lvez C\u00e1rdos<\/a>.<\/span><\/span><\/p>\n","protected":false},"excerpt":{"rendered":"<p>La presentaci\u00f3n y primer concierto de la Orquesta de l\u00b4Artesana fue el dia 2 de Julio de 1994 bajo la direcci\u00f3n del Maestro \u2013 Fundador D. Jos\u00e9 Manuel Mi\u00f1ana Juan, que durante los a\u00f1os 1995 y 1996 realiz\u00f3 diversos\u00a0conciertos\u00a0en el sede de la Sociedad y en la Casa de la Cultura de Catarroja. En los [&hellip;]<\/p>\n","protected":false},"author":1,"featured_media":678,"parent":4363,"menu_order":1,"comment_status":"closed","ping_status":"closed","template":"","meta":{"_et_pb_use_builder":"","_et_pb_old_content":"","_et_gb_content_width":"","footnotes":""},"class_list":["post-4365","page","type-page","status-publish","has-post-thumbnail","hentry"],"_links":{"self":[{"href":"https:\/\/www.lartesana.org\/es\/wp-json\/wp\/v2\/pages\/4365","targetHints":{"allow":["GET"]}}],"collection":[{"href":"https:\/\/www.lartesana.org\/es\/wp-json\/wp\/v2\/pages"}],"about":[{"href":"https:\/\/www.lartesana.org\/es\/wp-json\/wp\/v2\/types\/page"}],"author":[{"embeddable":true,"href":"https:\/\/www.lartesana.org\/es\/wp-json\/wp\/v2\/users\/1"}],"replies":[{"embeddable":true,"href":"https:\/\/www.lartesana.org\/es\/wp-json\/wp\/v2\/comments?post=4365"}],"version-history":[{"count":4,"href":"https:\/\/www.lartesana.org\/es\/wp-json\/wp\/v2\/pages\/4365\/revisions"}],"predecessor-version":[{"id":8123,"href":"https:\/\/www.lartesana.org\/es\/wp-json\/wp\/v2\/pages\/4365\/revisions\/8123"}],"up":[{"embeddable":true,"href":"https:\/\/www.lartesana.org\/es\/wp-json\/wp\/v2\/pages\/4363"}],"wp:featuredmedia":[{"embeddable":true,"href":"https:\/\/www.lartesana.org\/es\/wp-json\/wp\/v2\/media\/678"}],"wp:attachment":[{"href":"https:\/\/www.lartesana.org\/es\/wp-json\/wp\/v2\/media?parent=4365"}],"curies":[{"name":"wp","href":"https:\/\/api.w.org\/{rel}","templated":true}]}}