{"id":4359,"date":"2012-03-15T19:28:16","date_gmt":"2012-03-15T18:28:16","guid":{"rendered":"https:\/\/www.lartesana.org\/conoce-la-banda\/"},"modified":"2024-05-07T14:57:06","modified_gmt":"2024-05-07T12:57:06","slug":"conoce-la-banda","status":"publish","type":"page","link":"https:\/\/www.lartesana.org\/es\/agrupaciones\/la-banda-sinfonica\/conoce-la-banda\/","title":{"rendered":"Conoce la Banda"},"content":{"rendered":"<p><img loading=\"lazy\" decoding=\"async\" class=\" wp-image-5729 aligncenter\" src=\"https:\/\/www.lartesana.org\/wp-content\/uploads\/2024\/05\/BANDA-SINFONICA-2023.jpg\" alt=\"\" width=\"651\" height=\"434\">La historia de la Banda Simf\u00f3nica l\u00b4Artesana de Catarroja se remonta a 1888. Esta fecha est\u00e1 ligada a la posible existencia de actividat musical en la poblaci\u00f3n de Catarroja. Muchas son las que existieron despues de la aparici\u00f3n de la Banda, como: La Protectora, La Primitiva, La Musical, La M\u00fasica Nova, La Filharm\u00f2nica, la Progressiva i la actual denominada y conocida como l\u00b4Artesana, de la que se afirma en la major parte de biograf\u00edas que se fund\u00f3 con \u00e9se nobre el 6 de enero del 1928.<\/p>\n<p>En lsu larga traject\u00f2ria musical ha ofrecido numerosos conciertos, Cert\u00e1menes, Festivales&#8230; Esta Banda est\u00e1 avalada con un total de 23 Primeros Premios, 13 Segundos Premios y 7 Terceros Premios, en los diferentes Cert\u00e1menes en que ha participado a lo largode toda la geografia espa\u00f1ola.<\/p>\n<p>Entre etodos sus numerosos premios cabe destacar el m\u00e1ximo galard\u00f3n que la Banda obtuvo en 1982, tras conseguir un PRIMER PREMIO Y MENCI\u00d3N DE HONOR en la Secci\u00f3n Especial B del Certamen Internacional Ciutat de Val\u00e8ncia.<\/p>\n<p>Entre otros numerosos premios con los que l\u00b4Artesana ha sido galardonada caben destacar destacar el PRIMER PREMIO en el Programa de Televisi\u00f3n Espa\u00f1ola &#8216;Gente Joven&#8217; en el a\u00f1o1988, siendo entonces su director D. Salvador Chuli\u00e1; PRIMER PREMIO en el Certamen<a href=\"http:\/\/www.youtube.com\/watch?v=9yYMbXYgMds\"> Ciutat de Requena en el a\u00f1o1992, bajo la batuta de D. Alvaro Albiach<\/a>; PRIMER PREMIO en el Cert\u00e0men Internacional Ciutat de Val\u00e8ncia en 1995, siendo su director D. Jos\u00e9 Manuel Mi\u00f1ana i el m\u00e1s recent PRIMER PREMIO en el IV Certamen &#8216;Villa d\u00b4Alginet&#8217; en 2007, bajo la direcci\u00f3n de D. Eduardo Tar\u00edn. Cabe destacar la grabaci\u00f3n de diferentes L.P yi CD\u00b4S, junto con las apariciones televisivas desde su <span style=\"text-decoration: underline;\">existencia<\/span>. I los m\u00e1s importantes y recientes galardones conseguidos por la Banda Sinf\u00f3nica, ya que en el a\u00f1o 2011 consigui\u00f3 un doblete hist\u00f3rico en la nuestra sociedad, alz\u00e1ndose con el PRIMER PREMIO Y LA MENCI\u00d3 DE HONOR del Certamen Provincial de Val\u00e8ncia y el <a title=\"La Mejor Banda de la Comunitat Valenciana\" href=\"http:\/\/www.lartesana.org\/la-millor-banda-de-la-comunitat-valenciana\/\">PRIMER PREMO Y LA MENCI\u00d3N DE HONOR del Certamen de la Comunitat Val\u00e8nciana<\/a>, bajo la direcci\u00f3n de la Directora Beatriz Fern\u00e1ndez Aucejo.<\/p>\n<p>Muchas son las grandes figuras musicales, dentro del mundo band\u00edstico, orquestal, compositivo y did\u00e1ctico, que han nacido en \u00e9sta Banda, y que actualmente forman parte de las grandes orquestas, bandas y conservatorios de toda Espa\u00f1a y del extrangero.<\/p>\n<p>Han sido directores invotados: D. Enrique Gosp, D. Arturo Montes, D. Salvador Prades, D. Bartolome Raga, D. Manuel Enguidanos, D. Fernando S. Manzaneque, D. Antonio Alapont, D. Jos\u00e9 Guillem, D. Rafael Sanz, D. Francisco Fores Asensi, D. Miguel Morella Asins, D. Antonio Mart\u00ednez, D. Jaime Dom\u00e9nech y D. Pedro Gim\u00e9nez.<\/p>\n<p>En toda su larga vida de existencia, han sido Directores Titulares: D. Jos\u00e9 Manuel Izquierdo, D. Antonio Claverol, D. Salvador Chuli\u00e1, D. Alvaro Albiach, D. Jos\u00e9 Manuel Mi\u00f1ana, D. Jos\u00e9 Angel Zahonero, D. Pascual Balaguer, D. Pascual Peris, D. Josep Mart\u00ed i D. Eduardo Tar\u00edn, D\u00aa Beatriz Fern\u00e1ndez Aucejo, D. Enrique Sapi\u00f1a Garc\u00eda i D. Jos\u00e9 Pascual Arnau Paredes.<\/p>\n<p>En l&#8217;actualidad y desde de octubre de 2020 es su director<a href=\"https:\/\/www.lartesana.org\/es\/agrupaciones\/la-banda-sinfonica\/el-director-3\/\"> D. Ximo Arias Bot\u00edas<\/a>.<\/p>\n<p>Actualmente la Societat Musical l\u00b4Artesana de Catarroja, cuenta con una Banda Simf\u00f2nica, una Banda Juvenil, una Escuela de M\u00fasica, una Coral Juvenil, creada en 1981 con el nombre del insigne maestro D.Antonio Claverol, y una Orquesta Simf\u00f2nica, constituida en 1994.<\/p>\n","protected":false},"excerpt":{"rendered":"<p>La historia de la Banda Simf\u00f3nica l\u00b4Artesana de Catarroja se remonta a 1888. Esta fecha est\u00e1 ligada a la posible existencia de actividat musical en la poblaci\u00f3n de Catarroja. Muchas son las que existieron despues de la aparici\u00f3n de la Banda, como: La Protectora, La Primitiva, La Musical, La M\u00fasica Nova, La Filharm\u00f2nica, la Progressiva [&hellip;]<\/p>\n","protected":false},"author":1,"featured_media":2379,"parent":4357,"menu_order":1,"comment_status":"closed","ping_status":"closed","template":"","meta":{"_et_pb_use_builder":"","_et_pb_old_content":"","_et_gb_content_width":"","footnotes":""},"class_list":["post-4359","page","type-page","status-publish","has-post-thumbnail","hentry"],"_links":{"self":[{"href":"https:\/\/www.lartesana.org\/es\/wp-json\/wp\/v2\/pages\/4359","targetHints":{"allow":["GET"]}}],"collection":[{"href":"https:\/\/www.lartesana.org\/es\/wp-json\/wp\/v2\/pages"}],"about":[{"href":"https:\/\/www.lartesana.org\/es\/wp-json\/wp\/v2\/types\/page"}],"author":[{"embeddable":true,"href":"https:\/\/www.lartesana.org\/es\/wp-json\/wp\/v2\/users\/1"}],"replies":[{"embeddable":true,"href":"https:\/\/www.lartesana.org\/es\/wp-json\/wp\/v2\/comments?post=4359"}],"version-history":[{"count":3,"href":"https:\/\/www.lartesana.org\/es\/wp-json\/wp\/v2\/pages\/4359\/revisions"}],"predecessor-version":[{"id":5736,"href":"https:\/\/www.lartesana.org\/es\/wp-json\/wp\/v2\/pages\/4359\/revisions\/5736"}],"up":[{"embeddable":true,"href":"https:\/\/www.lartesana.org\/es\/wp-json\/wp\/v2\/pages\/4357"}],"wp:featuredmedia":[{"embeddable":true,"href":"https:\/\/www.lartesana.org\/es\/wp-json\/wp\/v2\/media\/2379"}],"wp:attachment":[{"href":"https:\/\/www.lartesana.org\/es\/wp-json\/wp\/v2\/media?parent=4359"}],"curies":[{"name":"wp","href":"https:\/\/api.w.org\/{rel}","templated":true}]}}