{"id":4357,"date":"2012-03-15T19:27:10","date_gmt":"2012-03-15T18:27:10","guid":{"rendered":"https:\/\/www.lartesana.org\/la-banda-sinfonica\/"},"modified":"2024-05-04T17:52:33","modified_gmt":"2024-05-04T15:52:33","slug":"la-banda-sinfonica","status":"publish","type":"page","link":"https:\/\/www.lartesana.org\/es\/agrupaciones\/la-banda-sinfonica\/","title":{"rendered":"La Banda Sinf\u00f3nica"},"content":{"rendered":"<p>La historia de la Banda Simfonica l\u00b4Artesana de Catarroja, se remonta a 1888, esta fecha est\u00e1 ligada a la posible existencia de actividat musical en la poblaci\u00f3n de Catarroja. Muchas son las que aparecieron despu\u00e9s de la aparici\u00f3n de la Banda, com: La Protectora, La Primitiva, La Musical, La M\u00fasica Nova, La Filharm\u00f2nica, la Progressiva y , la actual denominada y conocida com l\u00b4Artesana, de la que se afirma en la mayor parte de biografias, que la Banda de M\u00fasica l\u00b4Artesana, se fund\u00f3 con este nombre el 6 de enero de 1928.<br \/>\n<a href='http:\/\/..\/coneix-la-banda\/' class='small-button smallpurple'>Conoce la Banda<\/a><\/p>\n<p><a href=\"https:\/\/www.lartesana.org\/es\/agrupaciones\/la-banda-sinfonica\/conoce-la-banda\/\">CONOCE LA BANDA<\/a><\/p>\n","protected":false},"excerpt":{"rendered":"<p>La historia de la Banda Simfonica l\u00b4Artesana de Catarroja, se remonta a 1888, esta fecha est\u00e1 ligada a la posible existencia de actividat musical en la poblaci\u00f3n de Catarroja. Muchas son las que aparecieron despu\u00e9s de la aparici\u00f3n de la Banda, com: La Protectora, La Primitiva, La Musical, La M\u00fasica Nova, La Filharm\u00f2nica, la Progressiva [&hellip;]<\/p>\n","protected":false},"author":1,"featured_media":2406,"parent":4355,"menu_order":1,"comment_status":"closed","ping_status":"closed","template":"","meta":{"_et_pb_use_builder":"","_et_pb_old_content":"","_et_gb_content_width":"","footnotes":""},"class_list":["post-4357","page","type-page","status-publish","has-post-thumbnail","hentry"],"_links":{"self":[{"href":"https:\/\/www.lartesana.org\/es\/wp-json\/wp\/v2\/pages\/4357","targetHints":{"allow":["GET"]}}],"collection":[{"href":"https:\/\/www.lartesana.org\/es\/wp-json\/wp\/v2\/pages"}],"about":[{"href":"https:\/\/www.lartesana.org\/es\/wp-json\/wp\/v2\/types\/page"}],"author":[{"embeddable":true,"href":"https:\/\/www.lartesana.org\/es\/wp-json\/wp\/v2\/users\/1"}],"replies":[{"embeddable":true,"href":"https:\/\/www.lartesana.org\/es\/wp-json\/wp\/v2\/comments?post=4357"}],"version-history":[{"count":3,"href":"https:\/\/www.lartesana.org\/es\/wp-json\/wp\/v2\/pages\/4357\/revisions"}],"predecessor-version":[{"id":5618,"href":"https:\/\/www.lartesana.org\/es\/wp-json\/wp\/v2\/pages\/4357\/revisions\/5618"}],"up":[{"embeddable":true,"href":"https:\/\/www.lartesana.org\/es\/wp-json\/wp\/v2\/pages\/4355"}],"wp:featuredmedia":[{"embeddable":true,"href":"https:\/\/www.lartesana.org\/es\/wp-json\/wp\/v2\/media\/2406"}],"wp:attachment":[{"href":"https:\/\/www.lartesana.org\/es\/wp-json\/wp\/v2\/media?parent=4357"}],"curies":[{"name":"wp","href":"https:\/\/api.w.org\/{rel}","templated":true}]}}