{"id":4347,"date":"2012-03-13T23:56:08","date_gmt":"2012-03-13T22:56:08","guid":{"rendered":"https:\/\/www.lartesana.org\/el-profesorado\/"},"modified":"2026-03-13T09:47:12","modified_gmt":"2026-03-13T08:47:12","slug":"el-profesorado","status":"publish","type":"page","link":"https:\/\/www.lartesana.org\/es\/la-escuela\/conoce-la-escuela\/el-profesorado\/","title":{"rendered":"El Profesorado"},"content":{"rendered":"\n<figure class=\"wp-block-image aligncenter size-full is-resized\"><img loading=\"lazy\" decoding=\"async\" width=\"507\" height=\"219\" src=\"https:\/\/www.lartesana.org\/wp-content\/uploads\/2026\/03\/0-ESCOLA-IMAGEN-DESTACADA_page-0001.jpg\" alt=\"\" class=\"wp-image-10186\" style=\"width:306px;height:auto\" srcset=\"https:\/\/www.lartesana.org\/wp-content\/uploads\/2026\/03\/0-ESCOLA-IMAGEN-DESTACADA_page-0001.jpg 507w, https:\/\/www.lartesana.org\/wp-content\/uploads\/2026\/03\/0-ESCOLA-IMAGEN-DESTACADA_page-0001-480x207.jpg 480w\" sizes=\"(min-width: 0px) and (max-width: 480px) 480px, (min-width: 481px) 507px, 100vw\" \/><\/figure>\n\n\n\n<p class=\"has-medium-font-size\"><strong>Curso 2025\u2013 2026<\/strong><\/p>\n\n\n\n<p><strong>Directora:<\/strong><a href=\"http:\/\/www.lartesana.org\/escola\/coneix-lescuela\/director\/\"><strong>Marta Bort Mar\u00ed<\/strong><\/a><\/p>\n\n\n\n<p><strong>Secretaria:<\/strong><strong>&nbsp;Elisa Garc\u00eda Moreno<\/strong><\/p>\n\n\n\n<p><strong>Junta Directiva:<\/strong><strong>\u00a0Marian Bellot<\/strong><\/p>\n\n\n\n<p><em><strong>Lenguaje Musical<\/strong><\/em><\/p>\n\n\n\n<p><strong>Jard\u00edn Musical, Iniciaci\u00f3n Musical 1<\/strong>: Alfons Vila Barcel\u00f3<br><br><strong>Iniciaci\u00f3n Musical 2:<\/strong> Blanca Garc\u00eda Campos<br><br><strong>1\u00ba Lenguaje Musical:<\/strong> Nicol\u00e1s Alfonso Sanz<br><strong>2\u00ba Lenguaje Musical:<\/strong> Marta Bort Mar\u00ed i Rosana Ferriols<br><br><strong>3\u00ba Lenguaje Musical<\/strong>: Iv\u00e1n Guillem<br><br><strong>4\u00ba Lenguaje Musical<\/strong>: Marta Bort Mar\u00ed<br><br><strong>Lenguaje Musical Adulots: <\/strong>David N\u00e0cher Ram\u00f3n<br><br><br><strong>Grupales Interpretativas<\/strong><br><br><strong>Coral Juvenil \u201cAntonio Claverol\u201d:<\/strong> Sigfrido P\u00e9rez<br><br><strong>Orquesta Infantil: <\/strong>Rosana Ferriols<br><br><strong>Banda Juvenil \u201cEduardo Tar\u00edn\u201d<\/strong>: Miguel Almarche Pons<br><br><strong>Cuerda-Piano<\/strong><br><br><strong>Viol\u00edn:<\/strong> Aar\u00f3n Crespo Nicolau<br><br><strong>Viola:<\/strong> Rosana Ferriols<br><br><strong>Violoncelo:<\/strong> Clara Codo\u00f1er Bellot<br><br>Piano: Cels Campos  y  Antonio Piris Colom<br><br><strong>Viento-Madera<br><br>Oboe: <\/strong>Antoni Picazo<br><br><strong>Flauta:<\/strong> Blanca Garc\u00eda Campos<br><br><strong>Clarinete: <\/strong>Nadal Fenollar P\u00e9rez i Noemi Zarzo Alapont<br><br><strong>Saxo:<\/strong> Marta Bort Mar\u00ed<br><br><br><strong>Viento Metal-Percussi\u00f3n<br><br>Trompa:<\/strong> Jes\u00fas Bernabeu Alemany<br><br><strong>Trompeta:<\/strong> Nicol\u00e1s Alfonso Sanz<br><br><strong>Tromb\u00f3n: <\/strong>Alba Soriano Garc\u00eda<br><br><strong>Tuba y Bombard\u00edno:<\/strong> Miguel Almarche Pons<br><br><strong>Percusi\u00f3n:<\/strong> David Nacher Ram\u00f3n<\/p>\n\n\n\n<p><\/p>\n\n\n\n<p><strong>&nbsp; &nbsp; &nbsp;<\/strong><\/p>\n","protected":false},"excerpt":{"rendered":"<p>Curso 2025\u2013 2026 Directora:Marta Bort Mar\u00ed Secretaria:&nbsp;Elisa Garc\u00eda Moreno Junta Directiva:\u00a0Marian Bellot Lenguaje Musical Jard\u00edn Musical, Iniciaci\u00f3n Musical 1: Alfons Vila Barcel\u00f3 Iniciaci\u00f3n Musical 2: Blanca Garc\u00eda Campos 1\u00ba Lenguaje Musical: Nicol\u00e1s Alfonso Sanz2\u00ba Lenguaje Musical: Marta Bort Mar\u00ed i Rosana Ferriols 3\u00ba Lenguaje Musical: Iv\u00e1n Guillem 4\u00ba Lenguaje Musical: Marta Bort Mar\u00ed Lenguaje Musical [&hellip;]<\/p>\n","protected":false},"author":1,"featured_media":10186,"parent":4343,"menu_order":3,"comment_status":"closed","ping_status":"closed","template":"","meta":{"_et_pb_use_builder":"","_et_pb_old_content":"","_et_gb_content_width":"","footnotes":""},"class_list":["post-4347","page","type-page","status-publish","has-post-thumbnail","hentry"],"_links":{"self":[{"href":"https:\/\/www.lartesana.org\/es\/wp-json\/wp\/v2\/pages\/4347","targetHints":{"allow":["GET"]}}],"collection":[{"href":"https:\/\/www.lartesana.org\/es\/wp-json\/wp\/v2\/pages"}],"about":[{"href":"https:\/\/www.lartesana.org\/es\/wp-json\/wp\/v2\/types\/page"}],"author":[{"embeddable":true,"href":"https:\/\/www.lartesana.org\/es\/wp-json\/wp\/v2\/users\/1"}],"replies":[{"embeddable":true,"href":"https:\/\/www.lartesana.org\/es\/wp-json\/wp\/v2\/comments?post=4347"}],"version-history":[{"count":4,"href":"https:\/\/www.lartesana.org\/es\/wp-json\/wp\/v2\/pages\/4347\/revisions"}],"predecessor-version":[{"id":10220,"href":"https:\/\/www.lartesana.org\/es\/wp-json\/wp\/v2\/pages\/4347\/revisions\/10220"}],"up":[{"embeddable":true,"href":"https:\/\/www.lartesana.org\/es\/wp-json\/wp\/v2\/pages\/4343"}],"wp:featuredmedia":[{"embeddable":true,"href":"https:\/\/www.lartesana.org\/es\/wp-json\/wp\/v2\/media\/10186"}],"wp:attachment":[{"href":"https:\/\/www.lartesana.org\/es\/wp-json\/wp\/v2\/media?parent=4347"}],"curies":[{"name":"wp","href":"https:\/\/api.w.org\/{rel}","templated":true}]}}