{"id":4337,"date":"2012-03-13T23:15:49","date_gmt":"2012-03-13T22:15:49","guid":{"rendered":"https:\/\/www.lartesana.org\/conoce-la-sociedad\/"},"modified":"2024-06-21T18:46:02","modified_gmt":"2024-06-21T16:46:02","slug":"conoce-la-sociedad","status":"publish","type":"page","link":"https:\/\/www.lartesana.org\/es\/la-sociedad\/conoce-la-sociedad\/","title":{"rendered":"Conoce la Sociedad"},"content":{"rendered":"<h3 class=\"western\">Bienvenidos a la P\u00e1gina Web de la Sociedad Musical L&#8217;Artesana<b> <\/b><\/h3>\n<p><img loading=\"lazy\" decoding=\"async\" class=\"wp-image-7164 aligncenter\" src=\"https:\/\/www.lartesana.org\/wp-content\/uploads\/2024\/06\/ESCUT-ARTESANA.jpg\" alt=\"\" width=\"94\" height=\"94\" srcset=\"https:\/\/www.lartesana.org\/wp-content\/uploads\/2024\/06\/ESCUT-ARTESANA.jpg 184w, https:\/\/www.lartesana.org\/wp-content\/uploads\/2024\/06\/ESCUT-ARTESANA-150x150.jpg 150w\" sizes=\"(max-width: 94px) 100vw, 94px\" \/><\/p>\n<p align=\"JUSTIFY\"><span style=\"color: #000000;\"><span style=\"font-family: Times New Roman, serif;\"><span style=\"font-size: medium;\">La Junta Directiva de la Sociedad Musical L&#8217;Artesana les da la m\u00e1s cordial bienvenida a nuestra p\u00e1gina web. En este espacio digital, encontrar\u00e1n toda clase de informaci\u00f3n sobre las diversas actividades y eventos que nuestra sociedad musical realiza. Desde noticias relacionadas con nuestra Escuela de M\u00fasica, la Banda Sinf\u00f3nica, la Orquesta y dem\u00e1s formaciones musicales, hasta los conciertos y calendarios de actividades llevados a cabo por nuestra entidad. <\/span><\/span><\/span><\/p>\n<p align=\"JUSTIFY\"><span style=\"color: #000000;\"><span style=\"font-family: Times New Roman, serif;\"><span style=\"font-size: medium;\">Con el firme convencimiento de que esta plataforma representa una apuesta tecnol\u00f3gica importante y con el objetivo de responder al desaf\u00edo que plantea la sociedad de la informaci\u00f3n, nos complace ponerla a su disposici\u00f3n. <\/span><\/span><\/span><\/p>\n<p align=\"JUSTIFY\"><span style=\"color: #000000;\"><span style=\"font-family: Times New Roman, serif;\"><span style=\"font-size: medium;\"><i><b>La Tradici\u00f3n y la Innovaci\u00f3n al Servicio de la Cultura: <\/b><\/i>La Sociedad Musical L&#8217;Artesana, como una de las entidades m\u00e1s longevas de la Villa de Catarroja, se acerca a todos aquellos que demuestran su aprecio hacia nuestra entidad a trav\u00e9s de la red. La calidad y la tradici\u00f3n no est\u00e1n re\u00f1idas, y cada d\u00eda afrontamos nuevos retos musicales y culturales con entusiasmo y dedicaci\u00f3n. <\/span><\/span><\/span><\/p>\n<p align=\"JUSTIFY\"><span style=\"color: #000000;\"><span style=\"font-family: Times New Roman, serif;\"><span style=\"font-size: medium;\">En esta p\u00e1gina, mostramos parte de nuestra historia y de nuestro presente, al tiempo que les animamos a ser parte de nuestro futuro a trav\u00e9s de sus sugerencias y participaciones, con el fin de mejorar d\u00eda a d\u00eda nuestra web. Invitamos a todos los visitantes de nuestro portal a explorar cada una de sus secciones para conocer mejor la realidad de la Sociedad Musical L&#8217;Artesana, una entidad que lleva mucho tiempo trabajando arduamente para la difusi\u00f3n y la educaci\u00f3n de la cultura en general, y de la m\u00fasica en particular. <\/span><\/span><\/span><\/p>\n<p align=\"JUSTIFY\"><span style=\"color: #000000;\"><span style=\"font-family: Times New Roman, serif;\"><span style=\"font-size: medium;\"><i><b>Nuestro Compromiso: Una Banda Sonora para Catarroja y el Mundo.<\/b><\/i>Nuestro deseo es seguir poniendo la banda sonora a nuestra poblaci\u00f3n y al mundo entero. Gracias por visitarnos y por formar parte de lnuestra gran fam\u00edlia de la Societat Musical L&#8217;Artesana. Juntos, continuaremos haciendo m\u00fasica y cultura para todos. Esperamos que disfruten de su visita y que encuentren en nuestra p\u00e1gina web una valiosa fuente de informaci\u00f3n y conexi\u00f3n con nuestra sociedad musical. <\/span><\/span><\/span><\/p>\n<p align=\"JUSTIFY\"><span style=\"color: #000000;\"><span style=\"font-family: Times New Roman, serif;\"><span style=\"font-size: medium;\">\u00a1Bienvenidos y que disfruten del maravilloso mundo de la m\u00fasica con L&#8217;Artesana !<\/span><\/span><\/span><\/p>\n<p><a title=\"Himno de Santa Cecilia\" href=\"http:\/\/www.youtube.com\/watch?v=OcfyrR9uW80\"><em><strong>Pincha aqu\u00ed para escuchar el Canto Santa Cecilia<\/strong><\/em><\/a><\/p>\n<p style=\"text-align: center;\"><a href=\"http:\/\/www.lartesana.org\/wp-content\/uploads\/2012\/03\/himne-santa-Cecilia.jpg\"><img loading=\"lazy\" decoding=\"async\" class=\"wp-image-920 aligncenter\" src=\"http:\/\/www.lartesana.org\/wp-content\/uploads\/2012\/03\/himne-santa-Cecilia.jpg\" alt=\"Himno de Santa Cecilia\" width=\"382\" height=\"424\"><\/a><\/p>\n<p style=\"text-align: center;\"><a href=\"http:\/\/www.lartesana.org\/wp-content\/uploads\/2012\/03\/BANDERA2.jpg\"><img loading=\"lazy\" decoding=\"async\" class=\"wp-image-917 aligncenter\" src=\"http:\/\/www.lartesana.org\/wp-content\/uploads\/2012\/03\/BANDERA2.jpg\" alt=\"BANDERA2\" width=\"421\" height=\"563\"><\/a><\/p>\n","protected":false},"excerpt":{"rendered":"<p>[:es]Lorem ipsum dolor sit amet, consectetur adipiscing elit. Sed hendrerit porttitor sem, a scelerisque lectus dapibus a. Nunc interdum, massa id suscipit dictum, neque lacus imperdiet dui, ac consectetur ligula risus eu velit. Donec a nisi quis ante tincidunt ultrices ut non tortor. Maecenas arcu nisl, iaculis eu imperdiet sit amet, molestie ac orci. Maecenas posuere urna nec neque pulvinar sed fringilla libero lobortis. In ultrices sem quis est convallis pretium. Quisque nibh odio, porta ac facilisis eget, adipiscing eu odio. Nunc commodo risus vel nunc tristique bibendum.<\/p>\n","protected":false},"author":1,"featured_media":7165,"parent":4335,"menu_order":1,"comment_status":"closed","ping_status":"closed","template":"","meta":{"_et_pb_use_builder":"off","_et_pb_old_content":"","_et_gb_content_width":"","footnotes":""},"class_list":["post-4337","page","type-page","status-publish","has-post-thumbnail","hentry"],"_links":{"self":[{"href":"https:\/\/www.lartesana.org\/es\/wp-json\/wp\/v2\/pages\/4337","targetHints":{"allow":["GET"]}}],"collection":[{"href":"https:\/\/www.lartesana.org\/es\/wp-json\/wp\/v2\/pages"}],"about":[{"href":"https:\/\/www.lartesana.org\/es\/wp-json\/wp\/v2\/types\/page"}],"author":[{"embeddable":true,"href":"https:\/\/www.lartesana.org\/es\/wp-json\/wp\/v2\/users\/1"}],"replies":[{"embeddable":true,"href":"https:\/\/www.lartesana.org\/es\/wp-json\/wp\/v2\/comments?post=4337"}],"version-history":[{"count":6,"href":"https:\/\/www.lartesana.org\/es\/wp-json\/wp\/v2\/pages\/4337\/revisions"}],"predecessor-version":[{"id":7169,"href":"https:\/\/www.lartesana.org\/es\/wp-json\/wp\/v2\/pages\/4337\/revisions\/7169"}],"up":[{"embeddable":true,"href":"https:\/\/www.lartesana.org\/es\/wp-json\/wp\/v2\/pages\/4335"}],"wp:featuredmedia":[{"embeddable":true,"href":"https:\/\/www.lartesana.org\/es\/wp-json\/wp\/v2\/media\/7165"}],"wp:attachment":[{"href":"https:\/\/www.lartesana.org\/es\/wp-json\/wp\/v2\/media?parent=4337"}],"curies":[{"name":"wp","href":"https:\/\/api.w.org\/{rel}","templated":true}]}}